{"id":2671,"date":"2023-06-14T13:01:26","date_gmt":"2023-06-14T11:01:26","guid":{"rendered":"https:\/\/orvepard.org\/veinspardinyes\/?page_id=2671"},"modified":"2023-06-14T13:01:30","modified_gmt":"2023-06-14T11:01:30","slug":"bases-del-30e-certamen-literari-de-cartes-de-desamor-i-altres-amors-dissortats","status":"publish","type":"page","link":"https:\/\/orvepard.org\/veinspardinyes\/bases-del-30e-certamen-literari-de-cartes-de-desamor-i-altres-amors-dissortats\/","title":{"rendered":"Bases del 30\u00e8 CERTAMEN LITERARI DE CARTES DE DESAMOR i altres amors dissortats"},"content":{"rendered":"\n<p><strong>30\u00e8 CERTAMEN LITERARI DE CARTES DE DESAMOR i altres amors dissortats<\/strong><\/p>\n\n\n\n<p><strong>8\u00e8 CERTAMEN LITERARI JUVENIL DE CARTES DE DESAMOR i altres amors dissortats<\/strong><\/p>\n\n\n<div class=\"wp-block-image\">\n<figure class=\"alignright size-large is-resized\"><a href=\"https:\/\/i0.wp.com\/orvepard.org\/veinspardinyes\/wp-content\/uploads\/2023\/06\/castes30.jpeg?ssl=1\"><img data-recalc-dims=\"1\" loading=\"lazy\" decoding=\"async\" data-attachment-id=\"2664\" data-permalink=\"https:\/\/orvepard.org\/veinspardinyes\/30e-certamen-literari-cartes-de-desamor-i-daltes-amors-dissortats\/castes30\/\" data-orig-file=\"https:\/\/i0.wp.com\/orvepard.org\/veinspardinyes\/wp-content\/uploads\/2023\/06\/castes30.jpeg?fit=655%2C925&amp;ssl=1\" data-orig-size=\"655,925\" data-comments-opened=\"1\" data-image-meta=\"{&quot;aperture&quot;:&quot;0&quot;,&quot;credit&quot;:&quot;&quot;,&quot;camera&quot;:&quot;&quot;,&quot;caption&quot;:&quot;&quot;,&quot;created_timestamp&quot;:&quot;0&quot;,&quot;copyright&quot;:&quot;&quot;,&quot;focal_length&quot;:&quot;0&quot;,&quot;iso&quot;:&quot;0&quot;,&quot;shutter_speed&quot;:&quot;0&quot;,&quot;title&quot;:&quot;&quot;,&quot;orientation&quot;:&quot;0&quot;}\" data-image-title=\"castes30\" data-image-description=\"\" data-image-caption=\"\" data-large-file=\"https:\/\/i0.wp.com\/orvepard.org\/veinspardinyes\/wp-content\/uploads\/2023\/06\/castes30.jpeg?fit=566%2C800&amp;ssl=1\" src=\"https:\/\/i0.wp.com\/orvepard.org\/veinspardinyes\/wp-content\/uploads\/2023\/06\/castes30.jpeg?resize=388%2C548&#038;ssl=1\" alt=\"\" class=\"wp-image-2664\" width=\"388\" height=\"548\" srcset=\"https:\/\/i0.wp.com\/orvepard.org\/veinspardinyes\/wp-content\/uploads\/2023\/06\/castes30.jpeg?resize=566%2C800&amp;ssl=1 566w, https:\/\/i0.wp.com\/orvepard.org\/veinspardinyes\/wp-content\/uploads\/2023\/06\/castes30.jpeg?resize=212%2C300&amp;ssl=1 212w, https:\/\/i0.wp.com\/orvepard.org\/veinspardinyes\/wp-content\/uploads\/2023\/06\/castes30.jpeg?w=655&amp;ssl=1 655w\" sizes=\"auto, (max-width: 388px) 100vw, 388px\" \/><\/a><\/figure>\n<\/div>\n\n\n<p>L\u2019Organitzaci\u00f3 de Ve\u00efns de Pardinyes (Lleida), ORVEPARD, convoca el 30\u00e8 Certamen Literari de Cartes de Desamor i el 8\u00e8 Certamen Literari juvenil de Cartes de Desamor (adre\u00e7at a joves entre 12 i 18 anys), amb les seg\u00fcents bases:<\/p>\n\n\n\n<ol class=\"wp-block-list\">\n<li>Les cartes participants en aquest Certamen hauran d\u2019estar escrites en llengua catalana<\/li>\n<\/ol>\n\n\n\n<p>o castellana, ser in\u00e8dites i no haver estat guardonades en cap altre certamen literari.<\/p>\n\n\n\n<ol class=\"wp-block-list\" start=\"2\">\n<li>Les persones guanyadores de les 10 edicions anteriors a aquesta i els organitzadors i jurat d\u2019aquest certamen no podran participar en aquesta convocat\u00f2ria.<\/li>\n\n\n\n<li>L\u2019extensi\u00f3 m\u00e0xima de les cartes ser\u00e0 de 2 fulls amb espai interlineat d\u20191,5 o 2, font de la lletra ARIAL i mida 12 i per una sola cara. El g\u00e8nere literari ha de ser l\u2019epistolari i el tema el desamor i altres amors dissortats. Sols es podran presentar 2 obres per participant.<\/li>\n\n\n\n<li>Les obres han de portar un t\u00edtol y un pseud\u00f2nim, per\u00f2 en cap cas no hi ha de constar el nom de l\u2019autor\/a. Caldr\u00e0 presentar 6 c\u00f2pies i acompanyar-les d\u2019una plica tancada, a la part exterior de la qual hi figurar\u00e0, novament, el t\u00edtol y pseud\u00f2nim que constin en el treball i en el seu interior el t\u00edtol de l\u2019obra, fotoc\u00f2pia del DNI (o document d&#8217;identitat) nom i cognoms, adre\u00e7a i tel\u00e8fon de contacte de l\u2019autor\/a, adre\u00e7a electr\u00f2nica i lloc, data i signatura de la persona autora que manifesta el car\u00e0cter original i in\u00e8dit de l\u2019obra.<\/li>\n\n\n\n<li>Les obres es poden presentar:<\/li>\n<\/ol>\n\n\n\n<p>\u2714 Per correu a ORVEPARD Comissi\u00f3 de Cultura c\/ St. Pere Claver, 1 C.P. 25005 Lleida, indicant en el sobre \u201d28\u00e8 Certamen Literari de Cartes de desamor\u201d, o si \u00e9s el cas \u201c6\u00e8 Certamen Literari juvenil de Cartes de desamor\u201d.<\/p>\n\n\n\n<p>\u2714 Personalment a ORVEPARD c\/ St. Pere Claver, 1 CP 25005 de Lleida, de la mateixa manera que l\u2019esmentada a dalt per la modalitat \u201cPer correu\u201d.<\/p>\n\n\n\n<p>\u2714 Per correu electr\u00f2nic a cartesdesamor@gmail.com on al missatge s\u2019adjuntar\u00e0 un document amb l\u2019obra que dur\u00e0 com a nom el t\u00edtol y el pseud\u00f2nim i un altre document amb el nom de plica i el t\u00edtol o pseud\u00f2nim on s\u2019hi han d\u2019incloure les mateixes dades que han de figurar a la plica.<\/p>\n\n\n\n<p>El termini de presentaci\u00f3 dels originals es tancar\u00e0 el 10 de setembre de 2023.<\/p>\n\n\n\n<ol class=\"wp-block-list\" start=\"6\">\n<li>El jurat est\u00e0 format per persones vinculades al m\u00f3n de la llengua, la literatura i la cultura i per representants de la Comissi\u00f3 de Cultura d\u2019ORVEPARD.<\/li>\n\n\n\n<li>El veredicte del jurat ser\u00e0 inapel\u00b7lable i el premi en cadascuna de les dues lleng\u00fces i categories pot ser declarat desert. Les persones guanyadores seran citades per tel\u00e8fon i la seva identitat es far\u00e0 p\u00fablica el dia del lliurament dels premis. L\u2019organitzaci\u00f3 del Certamen no es compromet a retornar els originals als autors i autores participants i es reserva el dret de publicar els treballs que guanyin el Certamen.<\/li>\n\n\n\n<li>L\u2019import del premi ser\u00e0 de 500\u20ac per a cada una de les dues modalitats d\u2019adults (catal\u00e0 i castell\u00e0) i de 150\u20ac en cada una de les dues modalitats en categoria juvenil (catal\u00e0 i castell\u00e0) i correspon als drets d\u2019autor\/a de l\u2019edici\u00f3 de les obres premiades.<\/li>\n\n\n\n<li>El lliurament de premis es far\u00e0 durant un acte literari que se celebrar\u00e0 durant els mesos de setembre \/ octubre al barri de Pardinyes de Lleida.<\/li>\n<\/ol>\n\n\n\n<p>El guanyador\/a, de qualsevol de les categories, es compromet a estar present en aquest acte d\u2019entrega de premis excepte que hi hagi una causa justificada que impedeixi la seva assist\u00e8ncia. En cas de no poder assistir nomenar\u00e0 un representant i\/o participar\u00e0 en l\u2019acte d\u2019entrega de premis telem\u00e0ticament.<\/p>\n\n\n\n<ol class=\"wp-block-list\" start=\"10\">\n<li>El fet de presentar-se al Certamen suposa l\u2019acceptaci\u00f3 d\u2019aquestes bases<\/li>\n<\/ol>\n\n\n\n<p><\/p>\n\n\n\n<p><strong><mark style=\"background-color:rgba(0, 0, 0, 0)\" class=\"has-inline-color has-luminous-vivid-amber-color\"><mark>EN ESPA\u00d1OL:<\/mark><\/mark><\/strong><\/p>\n\n\n\n<p><\/p>\n\n\n\n<p><strong>30\u00ba CERTAMEN LITERARIO DE CARTAS DE DESAMOR y otros amores desafortunados<\/strong><\/p>\n\n\n\n<p><strong>8\u00ba CERTAMEN LITERARIO JUVENIL DE CARTAS DE DESAMOR y otros amores desafortunados<\/strong><\/p>\n\n\n\n<p>La Organizaci\u00f3n de Vecinos de Pardinyes (Lleida), ORVEPARD, convoca el 30\u00ba Certamen Literario de Cartas de Desamor y el 8\u00ba Certamen Literario juvenil de Cartas de Desamor (dirigido a j\u00f3venes entre 12 y 18 a\u00f1os), con las siguientes bases:<\/p>\n\n\n\n<ol class=\"wp-block-list\">\n<li>Las cartas participantes en este Certamen tendr\u00e1n que estar escritas en lengua catalana o castellana, ser in\u00e9ditas y no haber sido galardonadas en ning\u00fan otro certamen literario.<\/li>\n\n\n\n<li>Las personas ganadoras de las 10 ediciones anteriores a esta y los organizadores y jurado de este certamen no podr\u00e1n participar en esta convocatoria.<\/li>\n\n\n\n<li>La extensi\u00f3n m\u00e1xima de las cartas ser\u00e1 de 2 hojas con espacio interlineado de 1,5 o 2, fuente de la letra ARIAL y medida 12 y por una sola cara. El g\u00e9nero literario tiene que ser el epistolario y el tema el desamor y otros amores desafortunados. S\u00f3lo se podr\u00e1n presentar 2 obras por participante.<\/li>\n\n\n\n<li>Las obras tienen que llevar un t\u00edtulo y un pseud\u00f3nimo, pero en ning\u00fan caso no tiene que constar el nombre del autor\/a. Hay que presentar 6 copias y acompa\u00f1arlas de una plica cerrada, a la parte exterior de la cual figurar\u00e1, nuevamente, el t\u00edtulo y pseud\u00f3nimo que consten en el trabajo y en su interior el t\u00edtulo de la obra, fotocopia del DNI (o documento de identidad) nombre y apellidos, direcci\u00f3n y tel\u00e9fono de contacto del autor\/a, direcci\u00f3n electr\u00f3nica y lugar, fecha y firma de la persona autora que manifiesta el car\u00e1cter original e in\u00e9dito de la obra.<\/li>\n\n\n\n<li>Las obras se pueden presentar:<\/li>\n<\/ol>\n\n\n\n<p>\u2713 Por correo a ORVEPARD Comisi\u00f3n de Cultura c\/ St. Pere Claver, 1 C.P. 25005 Lleida, indicando en el sobre \u201d 30\u00ba Certamen Literario de Cartas de desamor\u201d, o si es el caso \u201c8\u00ba Certamen Literario juvenil de Cartas de desamor\u201d.<\/p>\n\n\n\n<p>\u2713 Personalmente a ORVEPARD c\/ St. Pere Claver, 1 CP 25005 de Lleida, de la misma manera que la mencionada arriba para la modalidad \u201cPor correo\u201d.<\/p>\n\n\n\n<p>\u2713 Por correo electr\u00f3nico a cartesdesamor@gmail.com donde al mensaje se adjuntar\u00e1 un documento con la obra que llevar\u00e1 como nombre el t\u00edtulo o el pseud\u00f3nimo y otro documento con el nombre de plica y el t\u00edtulo y pseud\u00f3nimo donde se tienen que incluir los mismos datos que tienen que figurar en la plica.<\/p>\n\n\n\n<p>El plazo de presentaci\u00f3n de los originales se cerrar\u00e1 el 10 de septiembre de 2023.<\/p>\n\n\n\n<ol class=\"wp-block-list\" start=\"6\">\n<li>El jurado est\u00e1 formado por personas vinculadas al mundo de la lengua, la literatura y la cultura y por representantes de la Comisi\u00f3n de Cultura de ORVEPARD.<\/li>\n\n\n\n<li>El veredicto del jurado ser\u00e1 inapelable y el premio en cada una de las dos lenguas y categor\u00edas puede ser declarado desierto. Las personas ganadoras ser\u00e1n citadas por tel\u00e9fono y su identidad se har\u00e1 p\u00fablica el d\u00eda de la entrega de los premios. La organizaci\u00f3n del Certamen no se compromete a devolver los originales a los autores y autoras participantes y se reserva el derecho de publicar los trabajos que ganen el Certamen.<\/li>\n\n\n\n<li>El importe del premio ser\u00e1 de 500\u20ac para cada una de las dos modalidades de adultos (catal\u00e1n y castellano) y de 150\u20ac en cada una de las dos modalidades en categor\u00eda juvenil (catal\u00e1n y castellano) y corresponde a los derechos de autor\/a de la edici\u00f3n de las obras premiadas.<\/li>\n\n\n\n<li>La entrega de premios se har\u00e1 durante un acto literario que se celebrar\u00e1 durante el mes de septiembre u octubre en el barrio de Pardinyes de Lleida.<\/li>\n<\/ol>\n\n\n\n<p>El ganador\/a, de cualquier de las categor\u00edas, se compromete a estar presente en este acto de entrega de premios salvo causa justificada que impida su asistencia. En caso de no poder asistir nombrar\u00e1 un representante y\/o participar\u00e1 en el acto de entrega de premios telem\u00e1ticamente.<\/p>\n\n\n\n<ol class=\"wp-block-list\" start=\"10\">\n<li>El hecho de presentarse al Certamen supone la aceptaci\u00f3n de estas bases.<\/li>\n<\/ol>\n","protected":false},"excerpt":{"rendered":"<p>30\u00e8 CERTAMEN LITERARI DE CARTES DE DESAMOR i altres amors dissortats 8\u00e8 CERTAMEN LITERARI JUVENIL DE CARTES DE DESAMOR i altres amors dissortats L\u2019Organitzaci\u00f3 de Ve\u00efns de Pardinyes (Lleida), ORVEPARD, convoca el 30\u00e8 Certamen Literari de Cartes de Desamor i el 8\u00e8 Certamen Literari juvenil de Cartes de Desamor (adre\u00e7at a joves entre 12 i [&hellip;]<\/p>\n","protected":false},"author":1,"featured_media":0,"parent":0,"menu_order":0,"comment_status":"closed","ping_status":"closed","template":"","meta":{"jetpack_post_was_ever_published":false,"footnotes":""},"class_list":["post-2671","page","type-page","status-publish","hentry"],"yoast_head":"<!-- This site is optimized with the Yoast SEO plugin v27.3 - https:\/\/yoast.com\/product\/yoast-seo-wordpress\/ -->\n<title>Bases del 30\u00e8 CERTAMEN LITERARI DE CARTES DE DESAMOR i altres amors dissortats - Orvepard<\/title>\n<meta name=\"robots\" content=\"index, follow, max-snippet:-1, max-image-preview:large, max-video-preview:-1\" \/>\n<link rel=\"canonical\" href=\"https:\/\/orvepard.org\/veinspardinyes\/bases-del-30e-certamen-literari-de-cartes-de-desamor-i-altres-amors-dissortats\/\" \/>\n<meta property=\"og:locale\" content=\"ca_ES\" \/>\n<meta property=\"og:type\" content=\"article\" \/>\n<meta property=\"og:title\" content=\"Bases del 30\u00e8 CERTAMEN LITERARI DE CARTES DE DESAMOR i altres amors dissortats - Orvepard\" \/>\n<meta property=\"og:description\" content=\"30\u00e8 CERTAMEN LITERARI DE CARTES DE DESAMOR i altres amors dissortats 8\u00e8 CERTAMEN LITERARI JUVENIL DE CARTES DE DESAMOR i altres amors dissortats L\u2019Organitzaci\u00f3 de Ve\u00efns de Pardinyes (Lleida), ORVEPARD, convoca el 30\u00e8 Certamen Literari de Cartes de Desamor i el 8\u00e8 Certamen Literari juvenil de Cartes de Desamor (adre\u00e7at a joves entre 12 i [&hellip;]\" \/>\n<meta property=\"og:url\" content=\"https:\/\/orvepard.org\/veinspardinyes\/bases-del-30e-certamen-literari-de-cartes-de-desamor-i-altres-amors-dissortats\/\" \/>\n<meta property=\"og:site_name\" content=\"Orvepard\" \/>\n<meta property=\"article:publisher\" content=\"https:\/\/es-es.facebook.com\/groups\/orvepard\/\" \/>\n<meta property=\"article:modified_time\" content=\"2023-06-14T11:01:30+00:00\" \/>\n<meta property=\"og:image\" content=\"https:\/\/orvepard.org\/veinspardinyes\/wp-content\/uploads\/2023\/06\/castes30-566x800.jpeg\" \/>\n<meta name=\"twitter:card\" content=\"summary_large_image\" \/>\n<meta name=\"twitter:site\" content=\"@veinspardinyes\" \/>\n<meta name=\"twitter:label1\" content=\"Temps estimat de lectura\" \/>\n\t<meta name=\"twitter:data1\" content=\"7 minuts\" \/>\n<script type=\"application\/ld+json\" class=\"yoast-schema-graph\">{\"@context\":\"https:\\\/\\\/schema.org\",\"@graph\":[{\"@type\":\"WebPage\",\"@id\":\"https:\\\/\\\/orvepard.org\\\/veinspardinyes\\\/bases-del-30e-certamen-literari-de-cartes-de-desamor-i-altres-amors-dissortats\\\/\",\"url\":\"https:\\\/\\\/orvepard.org\\\/veinspardinyes\\\/bases-del-30e-certamen-literari-de-cartes-de-desamor-i-altres-amors-dissortats\\\/\",\"name\":\"Bases del 30\u00e8 CERTAMEN LITERARI DE CARTES DE DESAMOR i altres amors dissortats - Orvepard\",\"isPartOf\":{\"@id\":\"https:\\\/\\\/orvepard.org\\\/veinspardinyes\\\/#website\"},\"primaryImageOfPage\":{\"@id\":\"https:\\\/\\\/orvepard.org\\\/veinspardinyes\\\/bases-del-30e-certamen-literari-de-cartes-de-desamor-i-altres-amors-dissortats\\\/#primaryimage\"},\"image\":{\"@id\":\"https:\\\/\\\/orvepard.org\\\/veinspardinyes\\\/bases-del-30e-certamen-literari-de-cartes-de-desamor-i-altres-amors-dissortats\\\/#primaryimage\"},\"thumbnailUrl\":\"https:\\\/\\\/orvepard.org\\\/veinspardinyes\\\/wp-content\\\/uploads\\\/2023\\\/06\\\/castes30-566x800.jpeg\",\"datePublished\":\"2023-06-14T11:01:26+00:00\",\"dateModified\":\"2023-06-14T11:01:30+00:00\",\"breadcrumb\":{\"@id\":\"https:\\\/\\\/orvepard.org\\\/veinspardinyes\\\/bases-del-30e-certamen-literari-de-cartes-de-desamor-i-altres-amors-dissortats\\\/#breadcrumb\"},\"inLanguage\":\"ca\",\"potentialAction\":[{\"@type\":\"ReadAction\",\"target\":[\"https:\\\/\\\/orvepard.org\\\/veinspardinyes\\\/bases-del-30e-certamen-literari-de-cartes-de-desamor-i-altres-amors-dissortats\\\/\"]}]},{\"@type\":\"ImageObject\",\"inLanguage\":\"ca\",\"@id\":\"https:\\\/\\\/orvepard.org\\\/veinspardinyes\\\/bases-del-30e-certamen-literari-de-cartes-de-desamor-i-altres-amors-dissortats\\\/#primaryimage\",\"url\":\"https:\\\/\\\/orvepard.org\\\/veinspardinyes\\\/wp-content\\\/uploads\\\/2023\\\/06\\\/castes30-566x800.jpeg\",\"contentUrl\":\"https:\\\/\\\/orvepard.org\\\/veinspardinyes\\\/wp-content\\\/uploads\\\/2023\\\/06\\\/castes30-566x800.jpeg\"},{\"@type\":\"BreadcrumbList\",\"@id\":\"https:\\\/\\\/orvepard.org\\\/veinspardinyes\\\/bases-del-30e-certamen-literari-de-cartes-de-desamor-i-altres-amors-dissortats\\\/#breadcrumb\",\"itemListElement\":[{\"@type\":\"ListItem\",\"position\":1,\"name\":\"Inici\",\"item\":\"https:\\\/\\\/orvepard.org\\\/veinspardinyes\\\/\"},{\"@type\":\"ListItem\",\"position\":2,\"name\":\"Bases del 30\u00e8 CERTAMEN LITERARI DE CARTES DE DESAMOR i altres amors dissortats\"}]},{\"@type\":\"WebSite\",\"@id\":\"https:\\\/\\\/orvepard.org\\\/veinspardinyes\\\/#website\",\"url\":\"https:\\\/\\\/orvepard.org\\\/veinspardinyes\\\/\",\"name\":\"Orvepard\",\"description\":\"Organitzaci\u00f3 de Ve\u00efns de Pardinyes\",\"publisher\":{\"@id\":\"https:\\\/\\\/orvepard.org\\\/veinspardinyes\\\/#organization\"},\"potentialAction\":[{\"@type\":\"SearchAction\",\"target\":{\"@type\":\"EntryPoint\",\"urlTemplate\":\"https:\\\/\\\/orvepard.org\\\/veinspardinyes\\\/?s={search_term_string}\"},\"query-input\":{\"@type\":\"PropertyValueSpecification\",\"valueRequired\":true,\"valueName\":\"search_term_string\"}}],\"inLanguage\":\"ca\"},{\"@type\":\"Organization\",\"@id\":\"https:\\\/\\\/orvepard.org\\\/veinspardinyes\\\/#organization\",\"name\":\"Orvepard, Organitzaci\u00f3 de Ve\u00efns de Pardinyes\",\"url\":\"https:\\\/\\\/orvepard.org\\\/veinspardinyes\\\/\",\"logo\":{\"@type\":\"ImageObject\",\"inLanguage\":\"ca\",\"@id\":\"https:\\\/\\\/orvepard.org\\\/veinspardinyes\\\/#\\\/schema\\\/logo\\\/image\\\/\",\"url\":\"https:\\\/\\\/i0.wp.com\\\/orvepard.org\\\/veinspardinyes\\\/wp-content\\\/uploads\\\/2017\\\/12\\\/cropped-cropped-cropped-logweborvepardnadal-e1513180524112.png?fit=150%2C113&ssl=1\",\"contentUrl\":\"https:\\\/\\\/i0.wp.com\\\/orvepard.org\\\/veinspardinyes\\\/wp-content\\\/uploads\\\/2017\\\/12\\\/cropped-cropped-cropped-logweborvepardnadal-e1513180524112.png?fit=150%2C113&ssl=1\",\"width\":150,\"height\":113,\"caption\":\"Orvepard, Organitzaci\u00f3 de Ve\u00efns de Pardinyes\"},\"image\":{\"@id\":\"https:\\\/\\\/orvepard.org\\\/veinspardinyes\\\/#\\\/schema\\\/logo\\\/image\\\/\"},\"sameAs\":[\"https:\\\/\\\/es-es.facebook.com\\\/groups\\\/orvepard\\\/\",\"https:\\\/\\\/x.com\\\/veinspardinyes\",\"https:\\\/\\\/www.instagram.com\\\/veinspardinyes\\\/\",\"https:\\\/\\\/app.ebando.es\\\/channel\\\/pardinyes\"]}]}<\/script>\n<!-- \/ Yoast SEO plugin. -->","yoast_head_json":{"title":"Bases del 30\u00e8 CERTAMEN LITERARI DE CARTES DE DESAMOR i altres amors dissortats - Orvepard","robots":{"index":"index","follow":"follow","max-snippet":"max-snippet:-1","max-image-preview":"max-image-preview:large","max-video-preview":"max-video-preview:-1"},"canonical":"https:\/\/orvepard.org\/veinspardinyes\/bases-del-30e-certamen-literari-de-cartes-de-desamor-i-altres-amors-dissortats\/","og_locale":"ca_ES","og_type":"article","og_title":"Bases del 30\u00e8 CERTAMEN LITERARI DE CARTES DE DESAMOR i altres amors dissortats - Orvepard","og_description":"30\u00e8 CERTAMEN LITERARI DE CARTES DE DESAMOR i altres amors dissortats 8\u00e8 CERTAMEN LITERARI JUVENIL DE CARTES DE DESAMOR i altres amors dissortats L\u2019Organitzaci\u00f3 de Ve\u00efns de Pardinyes (Lleida), ORVEPARD, convoca el 30\u00e8 Certamen Literari de Cartes de Desamor i el 8\u00e8 Certamen Literari juvenil de Cartes de Desamor (adre\u00e7at a joves entre 12 i [&hellip;]","og_url":"https:\/\/orvepard.org\/veinspardinyes\/bases-del-30e-certamen-literari-de-cartes-de-desamor-i-altres-amors-dissortats\/","og_site_name":"Orvepard","article_publisher":"https:\/\/es-es.facebook.com\/groups\/orvepard\/","article_modified_time":"2023-06-14T11:01:30+00:00","og_image":[{"url":"https:\/\/orvepard.org\/veinspardinyes\/wp-content\/uploads\/2023\/06\/castes30-566x800.jpeg","type":"","width":"","height":""}],"twitter_card":"summary_large_image","twitter_site":"@veinspardinyes","twitter_misc":{"Temps estimat de lectura":"7 minuts"},"schema":{"@context":"https:\/\/schema.org","@graph":[{"@type":"WebPage","@id":"https:\/\/orvepard.org\/veinspardinyes\/bases-del-30e-certamen-literari-de-cartes-de-desamor-i-altres-amors-dissortats\/","url":"https:\/\/orvepard.org\/veinspardinyes\/bases-del-30e-certamen-literari-de-cartes-de-desamor-i-altres-amors-dissortats\/","name":"Bases del 30\u00e8 CERTAMEN LITERARI DE CARTES DE DESAMOR i altres amors dissortats - Orvepard","isPartOf":{"@id":"https:\/\/orvepard.org\/veinspardinyes\/#website"},"primaryImageOfPage":{"@id":"https:\/\/orvepard.org\/veinspardinyes\/bases-del-30e-certamen-literari-de-cartes-de-desamor-i-altres-amors-dissortats\/#primaryimage"},"image":{"@id":"https:\/\/orvepard.org\/veinspardinyes\/bases-del-30e-certamen-literari-de-cartes-de-desamor-i-altres-amors-dissortats\/#primaryimage"},"thumbnailUrl":"https:\/\/orvepard.org\/veinspardinyes\/wp-content\/uploads\/2023\/06\/castes30-566x800.jpeg","datePublished":"2023-06-14T11:01:26+00:00","dateModified":"2023-06-14T11:01:30+00:00","breadcrumb":{"@id":"https:\/\/orvepard.org\/veinspardinyes\/bases-del-30e-certamen-literari-de-cartes-de-desamor-i-altres-amors-dissortats\/#breadcrumb"},"inLanguage":"ca","potentialAction":[{"@type":"ReadAction","target":["https:\/\/orvepard.org\/veinspardinyes\/bases-del-30e-certamen-literari-de-cartes-de-desamor-i-altres-amors-dissortats\/"]}]},{"@type":"ImageObject","inLanguage":"ca","@id":"https:\/\/orvepard.org\/veinspardinyes\/bases-del-30e-certamen-literari-de-cartes-de-desamor-i-altres-amors-dissortats\/#primaryimage","url":"https:\/\/orvepard.org\/veinspardinyes\/wp-content\/uploads\/2023\/06\/castes30-566x800.jpeg","contentUrl":"https:\/\/orvepard.org\/veinspardinyes\/wp-content\/uploads\/2023\/06\/castes30-566x800.jpeg"},{"@type":"BreadcrumbList","@id":"https:\/\/orvepard.org\/veinspardinyes\/bases-del-30e-certamen-literari-de-cartes-de-desamor-i-altres-amors-dissortats\/#breadcrumb","itemListElement":[{"@type":"ListItem","position":1,"name":"Inici","item":"https:\/\/orvepard.org\/veinspardinyes\/"},{"@type":"ListItem","position":2,"name":"Bases del 30\u00e8 CERTAMEN LITERARI DE CARTES DE DESAMOR i altres amors dissortats"}]},{"@type":"WebSite","@id":"https:\/\/orvepard.org\/veinspardinyes\/#website","url":"https:\/\/orvepard.org\/veinspardinyes\/","name":"Orvepard","description":"Organitzaci\u00f3 de Ve\u00efns de Pardinyes","publisher":{"@id":"https:\/\/orvepard.org\/veinspardinyes\/#organization"},"potentialAction":[{"@type":"SearchAction","target":{"@type":"EntryPoint","urlTemplate":"https:\/\/orvepard.org\/veinspardinyes\/?s={search_term_string}"},"query-input":{"@type":"PropertyValueSpecification","valueRequired":true,"valueName":"search_term_string"}}],"inLanguage":"ca"},{"@type":"Organization","@id":"https:\/\/orvepard.org\/veinspardinyes\/#organization","name":"Orvepard, Organitzaci\u00f3 de Ve\u00efns de Pardinyes","url":"https:\/\/orvepard.org\/veinspardinyes\/","logo":{"@type":"ImageObject","inLanguage":"ca","@id":"https:\/\/orvepard.org\/veinspardinyes\/#\/schema\/logo\/image\/","url":"https:\/\/i0.wp.com\/orvepard.org\/veinspardinyes\/wp-content\/uploads\/2017\/12\/cropped-cropped-cropped-logweborvepardnadal-e1513180524112.png?fit=150%2C113&ssl=1","contentUrl":"https:\/\/i0.wp.com\/orvepard.org\/veinspardinyes\/wp-content\/uploads\/2017\/12\/cropped-cropped-cropped-logweborvepardnadal-e1513180524112.png?fit=150%2C113&ssl=1","width":150,"height":113,"caption":"Orvepard, Organitzaci\u00f3 de Ve\u00efns de Pardinyes"},"image":{"@id":"https:\/\/orvepard.org\/veinspardinyes\/#\/schema\/logo\/image\/"},"sameAs":["https:\/\/es-es.facebook.com\/groups\/orvepard\/","https:\/\/x.com\/veinspardinyes","https:\/\/www.instagram.com\/veinspardinyes\/","https:\/\/app.ebando.es\/channel\/pardinyes"]}]}},"jetpack_sharing_enabled":true,"jetpack_shortlink":"https:\/\/wp.me\/P9tnJI-H5","jetpack_likes_enabled":true,"rttpg_featured_image_url":null,"rttpg_author":{"display_name":"administrador","author_link":"https:\/\/orvepard.org\/veinspardinyes\/author\/administrador\/"},"rttpg_comment":0,"rttpg_category":null,"rttpg_excerpt":"30\u00e8 CERTAMEN LITERARI DE CARTES DE DESAMOR i altres amors dissortats 8\u00e8 CERTAMEN LITERARI JUVENIL DE CARTES DE DESAMOR i altres amors dissortats L\u2019Organitzaci\u00f3 de Ve\u00efns de Pardinyes (Lleida), ORVEPARD, convoca el 30\u00e8 Certamen Literari de Cartes de Desamor i el 8\u00e8 Certamen Literari juvenil de Cartes de Desamor (adre\u00e7at a joves entre 12 i&hellip;","_links":{"self":[{"href":"https:\/\/orvepard.org\/veinspardinyes\/wp-json\/wp\/v2\/pages\/2671","targetHints":{"allow":["GET"]}}],"collection":[{"href":"https:\/\/orvepard.org\/veinspardinyes\/wp-json\/wp\/v2\/pages"}],"about":[{"href":"https:\/\/orvepard.org\/veinspardinyes\/wp-json\/wp\/v2\/types\/page"}],"author":[{"embeddable":true,"href":"https:\/\/orvepard.org\/veinspardinyes\/wp-json\/wp\/v2\/users\/1"}],"replies":[{"embeddable":true,"href":"https:\/\/orvepard.org\/veinspardinyes\/wp-json\/wp\/v2\/comments?post=2671"}],"version-history":[{"count":1,"href":"https:\/\/orvepard.org\/veinspardinyes\/wp-json\/wp\/v2\/pages\/2671\/revisions"}],"predecessor-version":[{"id":2672,"href":"https:\/\/orvepard.org\/veinspardinyes\/wp-json\/wp\/v2\/pages\/2671\/revisions\/2672"}],"wp:attachment":[{"href":"https:\/\/orvepard.org\/veinspardinyes\/wp-json\/wp\/v2\/media?parent=2671"}],"curies":[{"name":"wp","href":"https:\/\/api.w.org\/{rel}","templated":true}]}}