{"id":2414,"date":"2022-05-13T10:46:45","date_gmt":"2022-05-13T08:46:45","guid":{"rendered":"https:\/\/orvepard.org\/veinspardinyes\/aviso-legal\/"},"modified":"2022-05-13T10:46:45","modified_gmt":"2022-05-13T08:46:45","slug":"aviso-legal","status":"publish","type":"page","link":"https:\/\/orvepard.org\/veinspardinyes\/aviso-legal\/","title":{"rendered":"Av\u00eds legal"},"content":{"rendered":"<h3>DADES IDENTIFICATIVES DEL TITULAR DEL WEB<\/h3>\n<p>En compliment  del deure d'informaci\u00f3 estipulat en l'article 10 de la Llei 34\/2002 d' 11 de juliol dels Serveis de la Societat de la Informaci\u00f3 i del Comer\u00e7 Electr\u00f2nic, <strong><em>Organitzaci\u00f3 de Ve\u00efns de Pardinyes ORVEPARD<\/em><\/strong>, amb NIE X999999999, d'ara endavant <strong>Orvepard<\/strong>, en qualitat de titular del web <strong>orvepard.org\/veinspardinyes<\/strong>, amb adre\u00e7a a Sant Pere Claver 1, codi postal 25005 a Lleida, direcci\u00f3 de correu electr\u00f2nic <a href=\"mailto:o&#114;%76%65%70%61&#114;&#100;&#64;&#111;&#114;%76%65p%61%72d.or&#103;\">o&#114;&#118;e&#112;a&#114;d&#64;or&#118;&#101;&#112;a&#114;d&#46;org<\/a>, procedeix a comunicar-los la informaci\u00f3 que conforma i regula les condicions d'\u00fas d'aquesta p\u00e0gina, les limitacions de responsabilitat i les obligacions que els usuaris de la web que \u00e9s publicat sota el domini <strong><i>orvepard.org\/veinspardinyes<\/i><\/strong>, assumeixen i es comprometen a respectar.<\/p>\n<h3>CONDICIONS D'\u00daS<\/h3>\n<p>La utilitzaci\u00f3 de <strong>orvepard.org\/veinspardinyes<\/strong> atorga la condici\u00f3 d'<strong>Usuari<\/strong> de <strong>orvepard.org\/veinspardinyes<\/strong>, sigui persona f\u00edsica o jur\u00eddica i obligat\u00f2riament implica l'acceptaci\u00f3 completa, plena i sense reserves de totes i cadascuna de les cl\u00e0usules i condicions generals incloses en l'Av\u00eds Legal. Si l'<strong>Usuari<\/strong> no estigu\u00e9s conforme amb elles, s'abstindr\u00e0 d'utilitzar <strong>orvepard.org\/veinspardinyes<\/strong>. Aquest Av\u00eds Legal est\u00e0 subjecte a canvis i actualitzacions pel que la versi\u00f3 publicada per <strong>Orvepard<\/strong> pot ser diferent en cada moment en qu\u00e8 l'<strong>Usuari<\/strong> accedeixi al Portal. Per tant, l'<strong>Usuari<\/strong> ha de llegir l'Av\u00eds Legal en totes i cadascuna de les ocasions que accedeixi a <strong>orvepard.org\/veinspardinyes<\/strong>.<\/p>\n\n<p>A trav\u00e9s de <strong>orvepard.org\/veinspardinyes<\/strong>, <strong>Orvepard<\/strong><b> <\/b>facilita a l'<strong>Usuari<\/strong> l'acc\u00e9s i utilitzaci\u00f3 de diversos Continguts publicats per mitj\u00e0 d'Internet per <strong>Orvepard<\/strong> o per tercers autoritzats.<\/p>\n\n<p>L'<strong>Usuari<\/strong> est\u00e0 obligat i es compromet a utilitzar <strong>orvepard.org\/veinspardinyes<\/strong> i els continguts conforme a la legislaci\u00f3 vigent, l'Av\u00eds Legal i qualsevol altre av\u00eds o instrucci\u00f3 que es posin en coneixement, ja sigui per mitj\u00e0 d'aquest mateix Av\u00eds Legal o en qualsevol lloc dels Continguts que conformen <strong>orvepard.org\/veinspardinyes<\/strong>, com s\u00f3n les normes de conviv\u00e8ncia, la moral i els bons costums generalment acceptades. En aquests termes, l'<strong>Usuari<\/strong> s'obliga i compromet a NO  emprar qualsevol dels Continguts amb fins i efectes il\u00b7l\u00edcits, prohibits en l'Av\u00eds Legal o per la legislaci\u00f3 vigent, contrari als drets i interessos de tercers o que de qualsevol manera puguin fer mal, inutilitzar, sobrecarregar, deteriorar o impedir el normal \u00fas dels Continguts, els equips inform\u00e0tics o els documents, arxius i tota classe de continguts magatzemats en qualsevol equip inform\u00e0tic propi o contractats per <strong>Orvepard<\/strong>, d'un altre <strong>USUARI<\/strong> o de qualsevol usuari d'Internet (hardware i software).<\/p>\n\n<p>L'<strong>Usuari<\/strong> s'obliga i compromet a no transmetre, difondre o posar a disposici\u00f3 de tercers qualsevol mena de material que formi part de <strong>orvepard.org\/veinspardinyes<\/strong>, com informacions, textos, dades, continguts, missatges, gr\u00e0fiques, dibuixos, arxius de so i\/o imatge, fotografies, gravacions, software, logos, marques, icones, tecnologia, enlla\u00e7os, disseny gr\u00e0fic i codis de fons, o qualsevol altre material al qual tingu\u00e9s acc\u00e9s en la seva condici\u00f3 d'<strong>Usuari<\/strong> de <strong>orvepard.org\/veinspardinyes<\/strong>, sense que aquesta enumeraci\u00f3 tingui car\u00e0cter restringit. Aix\u00ed mateix, conforme a tot plegat, l'<strong>Usuari<\/strong> no podr\u00e0:<\/p>\n<ul>\n<li>Reproduir, copiar, distribuir, posar a disposici\u00f3 o de qualsevol altra manera comunicar p\u00fablicament, transformar o modificar els Continguts, excepte que tingui autoritzaci\u00f3 escrita i expl\u00edcita de <strong>Orvepard<\/strong>, que \u00e9s titular d'aquests drets, o b\u00e9 que estigui legalment perm\u00e8s.<\/li>\n<li>Suprimir, manipular o de qualsevol manera alterar el \u201ccopyright\u201d i altres dades identificatives de la reserva de drets de <strong>Orvepard<\/strong> o dels seus titulars, de les empremptes i\/o identificadors digitals, marques d'aigua o qualsevol altre medi t\u00e8cnic establerts pel seu reconeixement.<\/li>\n<\/ul>\n<p>L'<strong>Usuari<\/strong> s'abstindr\u00e0 d'obtenir i d'intentar accedir als Continguts utilitzant mitjans o procediments diferents dels que, segons els casos, s'hagin posat a la seva disposici\u00f3 per aquesta finalitat, o s'hagin indicat per aquest fi en les p\u00e0gines web on es trobin els Continguts, o en general, els que s'emprin habitualment a Internet per aquest efecte sempre que no provoquin cap risc de dany o inutilitzaci\u00f3 de la web <strong>orvepard.org\/veinspardinyes<\/strong>, i\/o dels Continguts.<\/p>\n<h3>PROPIETAT INTEL\u00b7LECTUAL<\/h3>\n<p>Totes les marques, noms comercials o signes distintius de qualsevol classe que apareixen a <strong>orvepard.org\/veinspardinyes<\/strong> s\u00f3n propietat de <strong>Orvepard<\/strong> o si no pot ser, dels seus respectius propietaris, sense que pugui entendre\u2019s en cap  cas que l\u2019\u00fas o acc\u00e9s al Portal i\/o als Continguts  doni a l\u2019<strong>Usuari<\/strong> cap dret sobre les esmentades marques, noms comercials i\/o signes distintius i sense que es puguin entendre cedits a l'<strong>Usuari<\/strong>, com tampoc cap dret d\u2019explotaci\u00f3 que existeixin o puguin existir sobre aquests Continguts. De la mateixa manera els Continguts s\u00f3n propietat intel\u00b7lectual de <strong>Orvepard<\/strong>, o de tercers en el seu cas, per tant, els drets de Propietat Intel\u00b7lectual s\u00f3n de titularitat de <strong>Orvepard<\/strong> o de tercers a qui se\u2019ls hagi autoritzat el seu \u00fas, a qui correspon l\u2019exercici exclusiu dels drets d\u2019explotaci\u00f3 dels mateixos en qualsevol manera, i en especial, els drets de reproducci\u00f3, distribuci\u00f3, comunicaci\u00f3 p\u00fablica i transformaci\u00f3. L\u2019\u00fas no autoritzat de la informaci\u00f3 continguda en aquesta Web, aix\u00ed com la lesi\u00f3 dels drets de la Propietat Intel\u00b7lectual o Industrial de <strong>Orvepard<\/strong> o de tercers inclosos en <strong>orvepard.org\/veinspardinyes<\/strong> que hagin cedit continguts donar\u00e0 lloc a les responsabilitats legalment establertes.<\/p>\n<h3>DISPONIBILITAT DE ORVEPARD.ORG\/VEINSPARDINYES<\/h3>\n<p><strong>Orvepard<\/strong> no garanteix la inexist\u00e8ncia d'interrupcions o errades en l\u2019acc\u00e9s a <strong>orvepard.org\/veinspardinyes<\/strong>, als seus continguts, ni que aquests es trobin actualitzats, encara que desenvolupar\u00e0 esfor\u00e7os, per intentar evitar-los,  arranjar-los o actualitzar-los. Per tant,, <strong>Orvepard<\/strong> no es responsabilitza dels danys o perjudicis de qualsevol classe produ\u00efts en l'<strong>Usuari<\/strong> provocats per errades o desconnexions en les xarxes de telecomunicacions que produeixen la suspensi\u00f3, cancel\u00b7laci\u00f3 o interrupci\u00f3 del servei del portal durant la prestaci\u00f3 del mateix o amb car\u00e0cter previ.<\/p>\n\n<p><strong>Orvepard<\/strong> exclou, excepte les contemplades en la legislaci\u00f3 vigent, qualsevol responsabilitat pels danys i perjudicis de tota naturalesa que esdevinguin de la falta de disponibilitat, continu\u00eftat o qualitat del funcionament de <strong>orvepard.org\/veinspardinyes<\/strong> i dels Continguts, a l\u2019incompliment de l\u2019expectativa d\u2019utilitat que l'<strong>USUARI<\/strong> hagu\u00e9s pogut atribuir a <strong>orvepard.org\/veinspardinyes<\/strong> i als Continguts.<\/p>\n\n<p>La funci\u00f3 dels Hiperenlla\u00e7os que apareguin en aquesta Web \u00e9s exclusivament la d\u2019informar a l'<strong>Usuari<\/strong> sobre  l\u2019exist\u00e8ncia d\u2019altres Web que tenen informaci\u00f3 sobre la mat\u00e8ria. Aquests Hiperenlla\u00e7os no constitueixen suggeriment ni recomanaci\u00f3.<\/p>\n\n<p><strong>Orvepard<\/strong>  no es fa responsable dels continguts de les p\u00e0gines enlla\u00e7ades, del funcionament o \u00fas dels Hiperenlla\u00e7os ni del resultat dels mateixos, ni garanteix l\u2019abs\u00e8ncia de virus o altres elements en els mateixos que puguin provocar alteracions en el sistema inform\u00e0tic (hardware i software), els documents o els fitxers de l'<strong>Usuari<\/strong>, excloent qualsevol responsabilitat pels danys de qualsevol classe causats a l'<strong>Usuari<\/strong> per aquest motiu.<\/p>\n\n<p>L'acc\u00e9s a <strong>orvepard.org\/veinspardinyes<\/strong> no implica l'obligaci\u00f3 per part de <strong>Orvepard<\/strong> de controlar l'abs\u00e8ncia de virus, cucs inform\u00e0tics o qualsevol altre element inform\u00e0tic danyat. Correspon a l'<strong>Usuari<\/strong>, en tot cas, la disponibilitat d\u2019eines adequades per la detecci\u00f3 i desinfecci\u00f3 de programes inform\u00e0tics danyats, pel que <strong>Orvepard<\/strong> no es fa responsable de les possibles errades de seguretat que es produeixin durant la prestaci\u00f3 del servei de <strong>orvepard.org\/veinspardinyes<\/strong>, ni dels possibles danys que puguin donar-se al sistema inform\u00e0tic de l'<strong>Usuari<\/strong> o de tercers (hardware i software), els fitxers o documents emmagatzemats en el mateix, com a conseq\u00fc\u00e8ncia de la pres\u00e8ncia de virus en l\u2019ordinador de l'<strong>Usuari<\/strong> emprat per la connexi\u00f3 als serveis i continguts de la Web, d'un mal funcionament del navegador o de l'\u00fas de versions no actualitzades d'aquest.<\/p>\n\n<p>La prestaci\u00f3 del servei de <strong>orvepard.org\/veinspardinyes<\/strong> i dels Continguts t\u00e9, en principi, una durada indefinida. Tanmateix, <strong>Orvepard<\/strong>, qi\/o de qualsevol dels Continguts en qualsevol moment. Quan sigui possible, <strong>Orvepard<\/strong> advertir\u00e0 pr\u00e8viament l'acabament o suspensi\u00f3 de <strong>orvepard.org\/veinspardinyes<\/strong>.<\/p>\n<h3>QUALITAT DE ORVEPARD.ORG\/VEINSPARDINYES<\/h3>\n<p>Donat l\u2019entorn din\u00e0mic i canviant de la informaci\u00f3 i dels serveis que se subministren a trav\u00e9s de <strong>orvepard.org\/veinspardinyes<\/strong>, <strong>Orvepard<\/strong> posa \u00e8mfasi, per\u00f2 no garanteix la completa veracitat, exactitud, fiabilitat, utilitat i\/o actualitat dels Continguts. La informaci\u00f3 de les p\u00e0gines d\u2019aquest Portal nom\u00e9s t\u00e9 car\u00e0cter informatiu, consultiu, divulgatiu i publicitari. En cap cas, ofereixen o tenen car\u00e0cter de comprom\u00eds vinculant o contractual.<\/p>\n<h3>LIMITACI\u00d3 DE RESPONSABILITAT<\/h3>\n<p><strong>Orvepard<\/strong> exclou de tota responsabilitat per les decisions que l'<strong>Usuari<\/strong> pugui prendre basant-se en aquesta informaci\u00f3, aix\u00ed com per les possibles errades tipogr\u00e0fiques que puguin tenir els documents i gr\u00e0fics de <strong>orvepard.org\/veinspardinyes<\/strong>. La informaci\u00f3 est\u00e0 sotmesa a possibles canvis peri\u00f2dics sense previ av\u00eds del seu contingut per ampliaci\u00f3, millora, correcci\u00f3 o actualitzaci\u00f3 dels Continguts.<\/p>\n<h3>NOTIFICACIONS<\/h3>\n<p>Totes les notificacions i comunicacions per part de <strong>Orvepard<\/strong> a l'<strong>Usuari<\/strong> efectuades per qualsevol mitj\u00e0 es consideraran eficaces a tots els efectes.<\/p>\n<h3>JURISDICCI\u00d3<\/h3>\n<p>Per totes les q\u00fcestions que es plantegin sobre la interpretaci\u00f3, aplicaci\u00f3 i compliment d\u2019aquest Av\u00eds Legal, aix\u00ed com de les reclamacions que puguin derivar-se del seu \u00fas, totes les parts que intervenen se sometent als Jutges i Tribunals de la prov\u00edncia de Lleida, renunciant de forma expressa a qualsevol  fur o jurisdicci\u00f3 que pugui correspondre-li.<\/p>\n<h3>LEGISLACI\u00d3 APLICABLE<\/h3>\n<p>El present Av\u00eds Legal es regeix per la normativa espanyola vigent. <\/p>\n\n\r\n","protected":false},"excerpt":{"rendered":"","protected":false},"author":1,"featured_media":0,"parent":0,"menu_order":0,"comment_status":"closed","ping_status":"closed","template":"","meta":{"jetpack_post_was_ever_published":false,"footnotes":""},"class_list":["post-2414","page","type-page","status-publish","hentry"],"yoast_head":"<!-- This site is optimized with the Yoast SEO plugin v27.3 - https:\/\/yoast.com\/product\/yoast-seo-wordpress\/ -->\n<title>Av\u00eds legal - Orvepard<\/title>\n<meta name=\"robots\" content=\"index, follow, max-snippet:-1, max-image-preview:large, max-video-preview:-1\" \/>\n<link rel=\"canonical\" href=\"https:\/\/orvepard.org\/veinspardinyes\/aviso-legal\/\" \/>\n<meta property=\"og:locale\" content=\"ca_ES\" \/>\n<meta property=\"og:type\" content=\"article\" \/>\n<meta property=\"og:title\" content=\"Av\u00eds legal - Orvepard\" \/>\n<meta property=\"og:url\" content=\"https:\/\/orvepard.org\/veinspardinyes\/aviso-legal\/\" \/>\n<meta property=\"og:site_name\" content=\"Orvepard\" \/>\n<meta property=\"article:publisher\" content=\"https:\/\/es-es.facebook.com\/groups\/orvepard\/\" \/>\n<meta property=\"og:image\" content=\"https:\/\/i0.wp.com\/orvepard.org\/veinspardinyes\/wp-content\/uploads\/2017\/12\/cropped-cropped-logweborvepardnadal-1.png?fit=621%2C137&ssl=1\" \/>\n\t<meta property=\"og:image:width\" content=\"621\" \/>\n\t<meta property=\"og:image:height\" content=\"137\" \/>\n\t<meta property=\"og:image:type\" content=\"image\/png\" \/>\n<meta name=\"twitter:card\" content=\"summary_large_image\" \/>\n<meta name=\"twitter:site\" content=\"@veinspardinyes\" \/>\n<script type=\"application\/ld+json\" class=\"yoast-schema-graph\">{\"@context\":\"https:\\\/\\\/schema.org\",\"@graph\":[{\"@type\":\"WebPage\",\"@id\":\"https:\\\/\\\/orvepard.org\\\/veinspardinyes\\\/aviso-legal\\\/\",\"url\":\"https:\\\/\\\/orvepard.org\\\/veinspardinyes\\\/aviso-legal\\\/\",\"name\":\"Av\u00eds legal - Orvepard\",\"isPartOf\":{\"@id\":\"https:\\\/\\\/orvepard.org\\\/veinspardinyes\\\/#website\"},\"datePublished\":\"2022-05-13T08:46:45+00:00\",\"breadcrumb\":{\"@id\":\"https:\\\/\\\/orvepard.org\\\/veinspardinyes\\\/aviso-legal\\\/#breadcrumb\"},\"inLanguage\":\"ca\",\"potentialAction\":[{\"@type\":\"ReadAction\",\"target\":[\"https:\\\/\\\/orvepard.org\\\/veinspardinyes\\\/aviso-legal\\\/\"]}]},{\"@type\":\"BreadcrumbList\",\"@id\":\"https:\\\/\\\/orvepard.org\\\/veinspardinyes\\\/aviso-legal\\\/#breadcrumb\",\"itemListElement\":[{\"@type\":\"ListItem\",\"position\":1,\"name\":\"Inici\",\"item\":\"https:\\\/\\\/orvepard.org\\\/veinspardinyes\\\/\"},{\"@type\":\"ListItem\",\"position\":2,\"name\":\"Av\u00eds legal\"}]},{\"@type\":\"WebSite\",\"@id\":\"https:\\\/\\\/orvepard.org\\\/veinspardinyes\\\/#website\",\"url\":\"https:\\\/\\\/orvepard.org\\\/veinspardinyes\\\/\",\"name\":\"Orvepard\",\"description\":\"Organitzaci\u00f3 de Ve\u00efns de Pardinyes\",\"publisher\":{\"@id\":\"https:\\\/\\\/orvepard.org\\\/veinspardinyes\\\/#organization\"},\"potentialAction\":[{\"@type\":\"SearchAction\",\"target\":{\"@type\":\"EntryPoint\",\"urlTemplate\":\"https:\\\/\\\/orvepard.org\\\/veinspardinyes\\\/?s={search_term_string}\"},\"query-input\":{\"@type\":\"PropertyValueSpecification\",\"valueRequired\":true,\"valueName\":\"search_term_string\"}}],\"inLanguage\":\"ca\"},{\"@type\":\"Organization\",\"@id\":\"https:\\\/\\\/orvepard.org\\\/veinspardinyes\\\/#organization\",\"name\":\"Orvepard, Organitzaci\u00f3 de Ve\u00efns de Pardinyes\",\"url\":\"https:\\\/\\\/orvepard.org\\\/veinspardinyes\\\/\",\"logo\":{\"@type\":\"ImageObject\",\"inLanguage\":\"ca\",\"@id\":\"https:\\\/\\\/orvepard.org\\\/veinspardinyes\\\/#\\\/schema\\\/logo\\\/image\\\/\",\"url\":\"https:\\\/\\\/i0.wp.com\\\/orvepard.org\\\/veinspardinyes\\\/wp-content\\\/uploads\\\/2017\\\/12\\\/cropped-cropped-cropped-logweborvepardnadal-e1513180524112.png?fit=150%2C113&ssl=1\",\"contentUrl\":\"https:\\\/\\\/i0.wp.com\\\/orvepard.org\\\/veinspardinyes\\\/wp-content\\\/uploads\\\/2017\\\/12\\\/cropped-cropped-cropped-logweborvepardnadal-e1513180524112.png?fit=150%2C113&ssl=1\",\"width\":150,\"height\":113,\"caption\":\"Orvepard, Organitzaci\u00f3 de Ve\u00efns de Pardinyes\"},\"image\":{\"@id\":\"https:\\\/\\\/orvepard.org\\\/veinspardinyes\\\/#\\\/schema\\\/logo\\\/image\\\/\"},\"sameAs\":[\"https:\\\/\\\/es-es.facebook.com\\\/groups\\\/orvepard\\\/\",\"https:\\\/\\\/x.com\\\/veinspardinyes\",\"https:\\\/\\\/www.instagram.com\\\/veinspardinyes\\\/\",\"https:\\\/\\\/app.ebando.es\\\/channel\\\/pardinyes\"]}]}<\/script>\n<!-- \/ Yoast SEO plugin. -->","yoast_head_json":{"title":"Av\u00eds legal - Orvepard","robots":{"index":"index","follow":"follow","max-snippet":"max-snippet:-1","max-image-preview":"max-image-preview:large","max-video-preview":"max-video-preview:-1"},"canonical":"https:\/\/orvepard.org\/veinspardinyes\/aviso-legal\/","og_locale":"ca_ES","og_type":"article","og_title":"Av\u00eds legal - Orvepard","og_url":"https:\/\/orvepard.org\/veinspardinyes\/aviso-legal\/","og_site_name":"Orvepard","article_publisher":"https:\/\/es-es.facebook.com\/groups\/orvepard\/","og_image":[{"width":621,"height":137,"url":"https:\/\/i0.wp.com\/orvepard.org\/veinspardinyes\/wp-content\/uploads\/2017\/12\/cropped-cropped-logweborvepardnadal-1.png?fit=621%2C137&ssl=1","type":"image\/png"}],"twitter_card":"summary_large_image","twitter_site":"@veinspardinyes","schema":{"@context":"https:\/\/schema.org","@graph":[{"@type":"WebPage","@id":"https:\/\/orvepard.org\/veinspardinyes\/aviso-legal\/","url":"https:\/\/orvepard.org\/veinspardinyes\/aviso-legal\/","name":"Av\u00eds legal - Orvepard","isPartOf":{"@id":"https:\/\/orvepard.org\/veinspardinyes\/#website"},"datePublished":"2022-05-13T08:46:45+00:00","breadcrumb":{"@id":"https:\/\/orvepard.org\/veinspardinyes\/aviso-legal\/#breadcrumb"},"inLanguage":"ca","potentialAction":[{"@type":"ReadAction","target":["https:\/\/orvepard.org\/veinspardinyes\/aviso-legal\/"]}]},{"@type":"BreadcrumbList","@id":"https:\/\/orvepard.org\/veinspardinyes\/aviso-legal\/#breadcrumb","itemListElement":[{"@type":"ListItem","position":1,"name":"Inici","item":"https:\/\/orvepard.org\/veinspardinyes\/"},{"@type":"ListItem","position":2,"name":"Av\u00eds legal"}]},{"@type":"WebSite","@id":"https:\/\/orvepard.org\/veinspardinyes\/#website","url":"https:\/\/orvepard.org\/veinspardinyes\/","name":"Orvepard","description":"Organitzaci\u00f3 de Ve\u00efns de Pardinyes","publisher":{"@id":"https:\/\/orvepard.org\/veinspardinyes\/#organization"},"potentialAction":[{"@type":"SearchAction","target":{"@type":"EntryPoint","urlTemplate":"https:\/\/orvepard.org\/veinspardinyes\/?s={search_term_string}"},"query-input":{"@type":"PropertyValueSpecification","valueRequired":true,"valueName":"search_term_string"}}],"inLanguage":"ca"},{"@type":"Organization","@id":"https:\/\/orvepard.org\/veinspardinyes\/#organization","name":"Orvepard, Organitzaci\u00f3 de Ve\u00efns de Pardinyes","url":"https:\/\/orvepard.org\/veinspardinyes\/","logo":{"@type":"ImageObject","inLanguage":"ca","@id":"https:\/\/orvepard.org\/veinspardinyes\/#\/schema\/logo\/image\/","url":"https:\/\/i0.wp.com\/orvepard.org\/veinspardinyes\/wp-content\/uploads\/2017\/12\/cropped-cropped-cropped-logweborvepardnadal-e1513180524112.png?fit=150%2C113&ssl=1","contentUrl":"https:\/\/i0.wp.com\/orvepard.org\/veinspardinyes\/wp-content\/uploads\/2017\/12\/cropped-cropped-cropped-logweborvepardnadal-e1513180524112.png?fit=150%2C113&ssl=1","width":150,"height":113,"caption":"Orvepard, Organitzaci\u00f3 de Ve\u00efns de Pardinyes"},"image":{"@id":"https:\/\/orvepard.org\/veinspardinyes\/#\/schema\/logo\/image\/"},"sameAs":["https:\/\/es-es.facebook.com\/groups\/orvepard\/","https:\/\/x.com\/veinspardinyes","https:\/\/www.instagram.com\/veinspardinyes\/","https:\/\/app.ebando.es\/channel\/pardinyes"]}]}},"jetpack_sharing_enabled":true,"jetpack_shortlink":"https:\/\/wp.me\/P9tnJI-CW","jetpack_likes_enabled":true,"rttpg_featured_image_url":null,"rttpg_author":{"display_name":"administrador","author_link":"https:\/\/orvepard.org\/veinspardinyes\/author\/administrador\/"},"rttpg_comment":0,"rttpg_category":null,"rttpg_excerpt":null,"_links":{"self":[{"href":"https:\/\/orvepard.org\/veinspardinyes\/wp-json\/wp\/v2\/pages\/2414","targetHints":{"allow":["GET"]}}],"collection":[{"href":"https:\/\/orvepard.org\/veinspardinyes\/wp-json\/wp\/v2\/pages"}],"about":[{"href":"https:\/\/orvepard.org\/veinspardinyes\/wp-json\/wp\/v2\/types\/page"}],"author":[{"embeddable":true,"href":"https:\/\/orvepard.org\/veinspardinyes\/wp-json\/wp\/v2\/users\/1"}],"replies":[{"embeddable":true,"href":"https:\/\/orvepard.org\/veinspardinyes\/wp-json\/wp\/v2\/comments?post=2414"}],"version-history":[{"count":0,"href":"https:\/\/orvepard.org\/veinspardinyes\/wp-json\/wp\/v2\/pages\/2414\/revisions"}],"wp:attachment":[{"href":"https:\/\/orvepard.org\/veinspardinyes\/wp-json\/wp\/v2\/media?parent=2414"}],"curies":[{"name":"wp","href":"https:\/\/api.w.org\/{rel}","templated":true}]}}