{"id":229,"date":"2017-12-24T17:55:17","date_gmt":"2017-12-24T16:55:17","guid":{"rendered":"http:\/\/orvepard.org\/wordpress\/?page_id=229"},"modified":"2017-12-24T17:55:59","modified_gmt":"2017-12-24T16:55:59","slug":"historia","status":"publish","type":"page","link":"https:\/\/orvepard.org\/veinspardinyes\/historia\/","title":{"rendered":"Hist\u00f2ria"},"content":{"rendered":"<p class=\"rtejustify\">Gaireb\u00e9 17.000 habitants, un riu i unes vies, Pardinyes, un barri definit, pel Segre i el tren. El tren li va fer deixar de ser la barriada totalment agr\u00edcola i ho va separar de la ciutat, i el Segre, per limitar tamb\u00e9 el seu desenvolupament primer i convertir-se despr\u00e9s gr\u00e0cies al parc de la Mitjana en un dels principals atractius del barri de Lleida.<\/p>\n<p class=\"rtejustify\">El barri modern va n\u00e9ixer en 1923, quan Camins de Ferro <a href=\"https:\/\/i0.wp.com\/www.orvepard.org\/veins\/sites\/default\/files\/arxiu_copia.jpg\"><img data-recalc-dims=\"1\" decoding=\"async\" style=\"float: right; height: 162px; margin: 5px 22px; width: 250px;\" src=\"https:\/\/i0.wp.com\/www.orvepard.org\/veins\/sites\/default\/files\/arxiu_copia.jpg?w=640\" alt=\"\" \/><\/a>del Nord, companyia ferrovi\u00e0ria integrada despr\u00e9s en Renfe, va aixecar en el barri una estaci\u00f3 de mercaderies i uns tallers que, pel lluny que estaven de la terminal de viatgers i la volta que calia donar per a arribar fins a ells, es van acabar coneixent com &#8220;El Recorrido&#8221;.<\/p>\n<p class=\"rtejustify\">Abans del tren, en la zona nom\u00e9s havia masies, horts i alguna casa d&#8217;estiueig, per\u00f2 a partir dels anys trenta es van aixecar cases per als 150 treballadors del complex i els ferroviaris de la terminal de passatgers aixecada en 1928 al final de la Rambla. La pres\u00e8ncia dels ferroviaris va configurar el barri com una zona industrial, el que va atreure altres empreses (serrer\u00edas, sitges, f\u00e0briques v\u00e0ries i fins a una planta de gas que no es va desmantellar fins a 1988) que durant les d\u00e8cades seg\u00fcents van dur m\u00e9s treballadors al barri i van obligar a aixecar habitatges com les quals Renfe va erigir a Sant Pere Claver per als seus empleats i blocs com els propers Landelino Lavilla, un grup d&#8217;habitatges de protecci\u00f3 oficial t\u00edpiques d&#8217;una \u00e8poca en la qual es va instal\u00b7lar tamb\u00e9 en Pardinyes el mercat central de fruites i verdures de la ciutat, que avui ja no existeix i sobre els terrenys de la qual est\u00e0 ara el Palau de Congressos.<\/p>\n<p class=\"rtejustify\">Al costat d&#8217;aquest mercat, per\u00f2 ja en 1971, es van aixecar les instal\u00b7lacions de Mercolleida, que encara avui fixen els preus del porc per a tota Espanya.<\/p>\n<p class=\"rtejustify\">El barri es va configurar aix\u00ed entre els 40 i els 70 com un raval obrer en el qual ind\u00fastries i habitatges es barrejaven i on, com en bona part dels barris de la Lleida del franquisme, nom\u00e9s sobraven les ganes d&#8217;implicar-se i lluitar per millorar les coses des d&#8217;associacions com ORVEPARD, que va n\u00e9ixer en 1962 en els blocs per a ferroviaris que Renfe va construir a Sant Pere Claver i amb el temps hauria de convertise en una de les m\u00e9s reivindicatives i, tamb\u00e9 de les m\u00e9s populars gr\u00e0cies a unes festes que s\u00f3n a Lleida gaireb\u00e9 el que les de Gr\u00e0cia a Barcelona.<\/p>\n<p class=\"rtejustify\">El Pardinyes d&#8217;avui no es dibuixa, no obstant aix\u00f2, fins que en 1979, el llavors alcalde Antoni Siurana compra a Renfe per 441 milions la vella estaci\u00f3 de mercaderies i escriu el primer cap\u00edtol d&#8217;una hist\u00f2ria que va acabar amb la desaparici\u00f3 de les instal\u00b7lacions ferrovi\u00e0ries i la marxa del barri de bona part de les ind\u00fastries que li van fer cr\u00e9ixer. La zona es comen\u00e7a a configurar aix\u00ed com \u00e0rea residencial revaloritzada primer per la dignificaci\u00f3n del parc de la <a href=\"https:\/\/i0.wp.com\/www.orvepard.org\/veins\/sites\/default\/files\/DSC054382009.JPG\"><img data-recalc-dims=\"1\" decoding=\"async\" style=\"float: left; height: 165px; margin: 5px 22px; width: 220px;\" src=\"https:\/\/i0.wp.com\/www.orvepard.org\/veins\/sites\/default\/files\/DSC054382009.JPG?w=640\" alt=\"\" \/><\/a>Mitjana i, despr\u00e9s, pel Pla de l&#8217;Estaci\u00f3, avui encara en curs, per\u00f2 que servir\u00e0 per a tancar la ferida que en forma de vies, va separar durant anys el barri de la ciutat. De la Pardinyes ferrovi\u00e0ria queden avui solament unes quantes habitatges obrers -els blocs de Sant Pere Claver- , alguna nau avui ocupada pel Institut Municipal d&#8217;Ocupaci\u00f3 i un car\u00e0cter de barri obrer que ha perm\u00e8s integrar als estrangers arribats en els \u00faltims anys en un barri en el qual, diuen, ning\u00fa \u00e9s estrany perqu\u00e8 tots ho van anar algun dia. Aquest car\u00e0cter, tamb\u00e9, fa que, malgrat el molt en marxa (el palau de congressos, la piscina coberta, el pont de Pr\u00edncep de Viana, la prolongaci\u00f3 de Prat de la Riba o el centre comercial que se suposa s&#8217;aixecar\u00e0 al costat del parc previst sobre la llosa que ja cobreix les vies) no s&#8217;oblidin reivindicacions com l&#8217;acc\u00e9s a l&#8217;estaci\u00f3 des del barri, l&#8217;habitatge protegit o la ja aparaulada amb la Paeria reforma de l&#8217;avinguda Pearson. Les preocupacions noves com les quals porten les paralitzades torres d&#8217;habitatges contigus a la Llotja, tampoc s&#8217;obliden.<\/p>\n","protected":false},"excerpt":{"rendered":"<p>Gaireb\u00e9 17.000 habitants, un riu i unes vies, Pardinyes, un barri definit, pel Segre i el tren. El tren li va fer deixar de ser la barriada totalment agr\u00edcola i ho va separar de la ciutat, i el Segre, per limitar tamb\u00e9 el seu desenvolupament primer i convertir-se despr\u00e9s gr\u00e0cies al parc de la Mitjana [&hellip;]<\/p>\n","protected":false},"author":1,"featured_media":0,"parent":0,"menu_order":0,"comment_status":"closed","ping_status":"closed","template":"","meta":{"jetpack_post_was_ever_published":false,"footnotes":""},"class_list":["post-229","page","type-page","status-publish","hentry"],"yoast_head":"<!-- This site is optimized with the Yoast SEO plugin v27.5 - https:\/\/yoast.com\/product\/yoast-seo-wordpress\/ -->\n<title>Hist\u00f2ria - Orvepard<\/title>\n<meta name=\"robots\" content=\"index, follow, max-snippet:-1, max-image-preview:large, max-video-preview:-1\" \/>\n<link rel=\"canonical\" href=\"https:\/\/orvepard.org\/veinspardinyes\/historia\/\" \/>\n<meta property=\"og:locale\" content=\"ca_ES\" \/>\n<meta property=\"og:type\" content=\"article\" \/>\n<meta property=\"og:title\" content=\"Hist\u00f2ria - Orvepard\" \/>\n<meta property=\"og:description\" content=\"Gaireb\u00e9 17.000 habitants, un riu i unes vies, Pardinyes, un barri definit, pel Segre i el tren. El tren li va fer deixar de ser la barriada totalment agr\u00edcola i ho va separar de la ciutat, i el Segre, per limitar tamb\u00e9 el seu desenvolupament primer i convertir-se despr\u00e9s gr\u00e0cies al parc de la Mitjana [&hellip;]\" \/>\n<meta property=\"og:url\" content=\"https:\/\/orvepard.org\/veinspardinyes\/historia\/\" \/>\n<meta property=\"og:site_name\" content=\"Orvepard\" \/>\n<meta property=\"article:publisher\" content=\"https:\/\/es-es.facebook.com\/groups\/orvepard\/\" \/>\n<meta property=\"article:modified_time\" content=\"2017-12-24T16:55:59+00:00\" \/>\n<meta property=\"og:image\" content=\"http:\/\/www.orvepard.org\/veins\/sites\/default\/files\/arxiu_copia.jpg\" \/>\n<meta name=\"twitter:card\" content=\"summary_large_image\" \/>\n<meta name=\"twitter:site\" content=\"@veinspardinyes\" \/>\n<meta name=\"twitter:label1\" content=\"Temps estimat de lectura\" \/>\n\t<meta name=\"twitter:data1\" content=\"4 minuts\" \/>\n<script type=\"application\/ld+json\" class=\"yoast-schema-graph\">{\"@context\":\"https:\\\/\\\/schema.org\",\"@graph\":[{\"@type\":\"WebPage\",\"@id\":\"https:\\\/\\\/orvepard.org\\\/veinspardinyes\\\/historia\\\/\",\"url\":\"https:\\\/\\\/orvepard.org\\\/veinspardinyes\\\/historia\\\/\",\"name\":\"Hist\u00f2ria - Orvepard\",\"isPartOf\":{\"@id\":\"https:\\\/\\\/orvepard.org\\\/veinspardinyes\\\/#website\"},\"primaryImageOfPage\":{\"@id\":\"https:\\\/\\\/orvepard.org\\\/veinspardinyes\\\/historia\\\/#primaryimage\"},\"image\":{\"@id\":\"https:\\\/\\\/orvepard.org\\\/veinspardinyes\\\/historia\\\/#primaryimage\"},\"thumbnailUrl\":\"http:\\\/\\\/www.orvepard.org\\\/veins\\\/sites\\\/default\\\/files\\\/arxiu_copia.jpg\",\"datePublished\":\"2017-12-24T16:55:17+00:00\",\"dateModified\":\"2017-12-24T16:55:59+00:00\",\"breadcrumb\":{\"@id\":\"https:\\\/\\\/orvepard.org\\\/veinspardinyes\\\/historia\\\/#breadcrumb\"},\"inLanguage\":\"ca\",\"potentialAction\":[{\"@type\":\"ReadAction\",\"target\":[\"https:\\\/\\\/orvepard.org\\\/veinspardinyes\\\/historia\\\/\"]}]},{\"@type\":\"ImageObject\",\"inLanguage\":\"ca\",\"@id\":\"https:\\\/\\\/orvepard.org\\\/veinspardinyes\\\/historia\\\/#primaryimage\",\"url\":\"http:\\\/\\\/www.orvepard.org\\\/veins\\\/sites\\\/default\\\/files\\\/arxiu_copia.jpg\",\"contentUrl\":\"http:\\\/\\\/www.orvepard.org\\\/veins\\\/sites\\\/default\\\/files\\\/arxiu_copia.jpg\"},{\"@type\":\"BreadcrumbList\",\"@id\":\"https:\\\/\\\/orvepard.org\\\/veinspardinyes\\\/historia\\\/#breadcrumb\",\"itemListElement\":[{\"@type\":\"ListItem\",\"position\":1,\"name\":\"Inici\",\"item\":\"https:\\\/\\\/orvepard.org\\\/veinspardinyes\\\/\"},{\"@type\":\"ListItem\",\"position\":2,\"name\":\"Hist\u00f2ria\"}]},{\"@type\":\"WebSite\",\"@id\":\"https:\\\/\\\/orvepard.org\\\/veinspardinyes\\\/#website\",\"url\":\"https:\\\/\\\/orvepard.org\\\/veinspardinyes\\\/\",\"name\":\"Orvepard\",\"description\":\"Organitzaci\u00f3 de Ve\u00efns de Pardinyes\",\"publisher\":{\"@id\":\"https:\\\/\\\/orvepard.org\\\/veinspardinyes\\\/#organization\"},\"potentialAction\":[{\"@type\":\"SearchAction\",\"target\":{\"@type\":\"EntryPoint\",\"urlTemplate\":\"https:\\\/\\\/orvepard.org\\\/veinspardinyes\\\/?s={search_term_string}\"},\"query-input\":{\"@type\":\"PropertyValueSpecification\",\"valueRequired\":true,\"valueName\":\"search_term_string\"}}],\"inLanguage\":\"ca\"},{\"@type\":\"Organization\",\"@id\":\"https:\\\/\\\/orvepard.org\\\/veinspardinyes\\\/#organization\",\"name\":\"Orvepard, Organitzaci\u00f3 de Ve\u00efns de Pardinyes\",\"url\":\"https:\\\/\\\/orvepard.org\\\/veinspardinyes\\\/\",\"logo\":{\"@type\":\"ImageObject\",\"inLanguage\":\"ca\",\"@id\":\"https:\\\/\\\/orvepard.org\\\/veinspardinyes\\\/#\\\/schema\\\/logo\\\/image\\\/\",\"url\":\"https:\\\/\\\/i0.wp.com\\\/orvepard.org\\\/veinspardinyes\\\/wp-content\\\/uploads\\\/2017\\\/12\\\/cropped-cropped-cropped-logweborvepardnadal-e1513180524112.png?fit=150%2C113&ssl=1\",\"contentUrl\":\"https:\\\/\\\/i0.wp.com\\\/orvepard.org\\\/veinspardinyes\\\/wp-content\\\/uploads\\\/2017\\\/12\\\/cropped-cropped-cropped-logweborvepardnadal-e1513180524112.png?fit=150%2C113&ssl=1\",\"width\":150,\"height\":113,\"caption\":\"Orvepard, Organitzaci\u00f3 de Ve\u00efns de Pardinyes\"},\"image\":{\"@id\":\"https:\\\/\\\/orvepard.org\\\/veinspardinyes\\\/#\\\/schema\\\/logo\\\/image\\\/\"},\"sameAs\":[\"https:\\\/\\\/es-es.facebook.com\\\/groups\\\/orvepard\\\/\",\"https:\\\/\\\/x.com\\\/veinspardinyes\",\"https:\\\/\\\/www.instagram.com\\\/veinspardinyes\\\/\",\"https:\\\/\\\/app.ebando.es\\\/channel\\\/pardinyes\"]}]}<\/script>\n<!-- \/ Yoast SEO plugin. -->","yoast_head_json":{"title":"Hist\u00f2ria - Orvepard","robots":{"index":"index","follow":"follow","max-snippet":"max-snippet:-1","max-image-preview":"max-image-preview:large","max-video-preview":"max-video-preview:-1"},"canonical":"https:\/\/orvepard.org\/veinspardinyes\/historia\/","og_locale":"ca_ES","og_type":"article","og_title":"Hist\u00f2ria - Orvepard","og_description":"Gaireb\u00e9 17.000 habitants, un riu i unes vies, Pardinyes, un barri definit, pel Segre i el tren. El tren li va fer deixar de ser la barriada totalment agr\u00edcola i ho va separar de la ciutat, i el Segre, per limitar tamb\u00e9 el seu desenvolupament primer i convertir-se despr\u00e9s gr\u00e0cies al parc de la Mitjana [&hellip;]","og_url":"https:\/\/orvepard.org\/veinspardinyes\/historia\/","og_site_name":"Orvepard","article_publisher":"https:\/\/es-es.facebook.com\/groups\/orvepard\/","article_modified_time":"2017-12-24T16:55:59+00:00","og_image":[{"url":"http:\/\/www.orvepard.org\/veins\/sites\/default\/files\/arxiu_copia.jpg","type":"","width":"","height":""}],"twitter_card":"summary_large_image","twitter_site":"@veinspardinyes","twitter_misc":{"Temps estimat de lectura":"4 minuts"},"schema":{"@context":"https:\/\/schema.org","@graph":[{"@type":"WebPage","@id":"https:\/\/orvepard.org\/veinspardinyes\/historia\/","url":"https:\/\/orvepard.org\/veinspardinyes\/historia\/","name":"Hist\u00f2ria - Orvepard","isPartOf":{"@id":"https:\/\/orvepard.org\/veinspardinyes\/#website"},"primaryImageOfPage":{"@id":"https:\/\/orvepard.org\/veinspardinyes\/historia\/#primaryimage"},"image":{"@id":"https:\/\/orvepard.org\/veinspardinyes\/historia\/#primaryimage"},"thumbnailUrl":"http:\/\/www.orvepard.org\/veins\/sites\/default\/files\/arxiu_copia.jpg","datePublished":"2017-12-24T16:55:17+00:00","dateModified":"2017-12-24T16:55:59+00:00","breadcrumb":{"@id":"https:\/\/orvepard.org\/veinspardinyes\/historia\/#breadcrumb"},"inLanguage":"ca","potentialAction":[{"@type":"ReadAction","target":["https:\/\/orvepard.org\/veinspardinyes\/historia\/"]}]},{"@type":"ImageObject","inLanguage":"ca","@id":"https:\/\/orvepard.org\/veinspardinyes\/historia\/#primaryimage","url":"http:\/\/www.orvepard.org\/veins\/sites\/default\/files\/arxiu_copia.jpg","contentUrl":"http:\/\/www.orvepard.org\/veins\/sites\/default\/files\/arxiu_copia.jpg"},{"@type":"BreadcrumbList","@id":"https:\/\/orvepard.org\/veinspardinyes\/historia\/#breadcrumb","itemListElement":[{"@type":"ListItem","position":1,"name":"Inici","item":"https:\/\/orvepard.org\/veinspardinyes\/"},{"@type":"ListItem","position":2,"name":"Hist\u00f2ria"}]},{"@type":"WebSite","@id":"https:\/\/orvepard.org\/veinspardinyes\/#website","url":"https:\/\/orvepard.org\/veinspardinyes\/","name":"Orvepard","description":"Organitzaci\u00f3 de Ve\u00efns de Pardinyes","publisher":{"@id":"https:\/\/orvepard.org\/veinspardinyes\/#organization"},"potentialAction":[{"@type":"SearchAction","target":{"@type":"EntryPoint","urlTemplate":"https:\/\/orvepard.org\/veinspardinyes\/?s={search_term_string}"},"query-input":{"@type":"PropertyValueSpecification","valueRequired":true,"valueName":"search_term_string"}}],"inLanguage":"ca"},{"@type":"Organization","@id":"https:\/\/orvepard.org\/veinspardinyes\/#organization","name":"Orvepard, Organitzaci\u00f3 de Ve\u00efns de Pardinyes","url":"https:\/\/orvepard.org\/veinspardinyes\/","logo":{"@type":"ImageObject","inLanguage":"ca","@id":"https:\/\/orvepard.org\/veinspardinyes\/#\/schema\/logo\/image\/","url":"https:\/\/i0.wp.com\/orvepard.org\/veinspardinyes\/wp-content\/uploads\/2017\/12\/cropped-cropped-cropped-logweborvepardnadal-e1513180524112.png?fit=150%2C113&ssl=1","contentUrl":"https:\/\/i0.wp.com\/orvepard.org\/veinspardinyes\/wp-content\/uploads\/2017\/12\/cropped-cropped-cropped-logweborvepardnadal-e1513180524112.png?fit=150%2C113&ssl=1","width":150,"height":113,"caption":"Orvepard, Organitzaci\u00f3 de Ve\u00efns de Pardinyes"},"image":{"@id":"https:\/\/orvepard.org\/veinspardinyes\/#\/schema\/logo\/image\/"},"sameAs":["https:\/\/es-es.facebook.com\/groups\/orvepard\/","https:\/\/x.com\/veinspardinyes","https:\/\/www.instagram.com\/veinspardinyes\/","https:\/\/app.ebando.es\/channel\/pardinyes"]}]}},"jetpack_sharing_enabled":true,"jetpack_shortlink":"https:\/\/wp.me\/P9tnJI-3H","jetpack_likes_enabled":true,"rttpg_featured_image_url":null,"rttpg_author":{"display_name":"administrador","author_link":"https:\/\/orvepard.org\/veinspardinyes\/author\/administrador\/"},"rttpg_comment":0,"rttpg_category":null,"rttpg_excerpt":"Gaireb\u00e9 17.000 habitants, un riu i unes vies, Pardinyes, un barri definit, pel Segre i el tren. El tren li va fer deixar de ser la barriada totalment agr\u00edcola i ho va separar de la ciutat, i el Segre, per limitar tamb\u00e9 el seu desenvolupament primer i convertir-se despr\u00e9s gr\u00e0cies al parc de la Mitjana&hellip;","_links":{"self":[{"href":"https:\/\/orvepard.org\/veinspardinyes\/wp-json\/wp\/v2\/pages\/229","targetHints":{"allow":["GET"]}}],"collection":[{"href":"https:\/\/orvepard.org\/veinspardinyes\/wp-json\/wp\/v2\/pages"}],"about":[{"href":"https:\/\/orvepard.org\/veinspardinyes\/wp-json\/wp\/v2\/types\/page"}],"author":[{"embeddable":true,"href":"https:\/\/orvepard.org\/veinspardinyes\/wp-json\/wp\/v2\/users\/1"}],"replies":[{"embeddable":true,"href":"https:\/\/orvepard.org\/veinspardinyes\/wp-json\/wp\/v2\/comments?post=229"}],"version-history":[{"count":1,"href":"https:\/\/orvepard.org\/veinspardinyes\/wp-json\/wp\/v2\/pages\/229\/revisions"}],"predecessor-version":[{"id":230,"href":"https:\/\/orvepard.org\/veinspardinyes\/wp-json\/wp\/v2\/pages\/229\/revisions\/230"}],"wp:attachment":[{"href":"https:\/\/orvepard.org\/veinspardinyes\/wp-json\/wp\/v2\/media?parent=229"}],"curies":[{"name":"wp","href":"https:\/\/api.w.org\/{rel}","templated":true}]}}