{"id":218,"date":"2017-12-24T17:52:28","date_gmt":"2017-12-24T16:52:28","guid":{"rendered":"http:\/\/orvepard.org\/wordpress\/?page_id=218"},"modified":"2018-11-13T08:05:22","modified_gmt":"2018-11-13T07:05:22","slug":"orvepard","status":"publish","type":"page","link":"https:\/\/orvepard.org\/veinspardinyes\/orvepard\/","title":{"rendered":"Orvepard"},"content":{"rendered":"<p><a href=\"http:\/\/orvepard.org\/wordpress\/estatuts\/\">Consulta els estatuts d&#8217;Orvepard.<\/a><\/p>\n<p>Marc legal que regula el funcionament de l&#8217;Associaci\u00f3:<\/p>\n<ul>\n<li><a href=\"http:\/\/portaljuridic.gencat.cat\/ca\/pjur_ocults\/pjur_resultats_fitxa\/?action=fitxa&amp;mode=single&amp;documentId=490798&amp;language=ca_ES\" target=\"_blank\" rel=\"noopener\">\u00a0LLEI 4\/2008, de 24 d&#8217;abril, del llibre tercer del Codi civil de Catalunya, relatiu a les persones jur\u00eddiques.<\/a><\/li>\n<li><a href=\"http:\/\/portaljuridic.gencat.cat\/ca\/pjur_ocults\/pjur_resultats_fitxa\/?action=fitxa&amp;mode=single&amp;documentId=555976&amp;language=ca_ES\" target=\"_blank\" rel=\"noopener\">Llei org\u00e0nica 1\/2002, de 22 de mar\u00e7, reguladora del dret d&#8217;associaci\u00f3<\/a><\/li>\n<\/ul>\n<p>&nbsp;<\/p>\n<p>Els fins de l&#8217;associaci\u00f3 s\u00f3n:<\/p>\n<ul>\n<li>Fomentar i potenciar la participaci\u00f3 i integraci\u00f3 dels ve\u00efns i entitats del barri de Pardinyes, en la defensa d&#8217;una millora social i humana, material, cultural i ben\u00e8fica de tots els ve\u00efns d&#8217;aquesta barriada.<\/li>\n<li>Es dedicar\u00e0 especial atenci\u00f3 als problemes assistencials i socials (\u00e9tico-morals, c\u00edvics, culturals, cooperatius, m\u00e8dico-socials, esportius i recreatius, ben\u00e8fics, d&#8217;habitatge, ecol\u00f3gics, etc) i en general tota classe d&#8217;activitats que l&#8217;ORGANITZACI\u00d3 consideri adients per al seu millorament moral, complint en tot moment amb els requisits exigits per les disposicions vigents per cadascuna de les finalitats espec\u00edfiques.<\/li>\n<li>Fomentar la realitzaci\u00f3 d&#8217;activitats d&#8217;utilitat o d&#8217;inter\u00e9s social per promoure la igualtat de drets i la no discriminaci\u00f3 per ra\u00f3 de sexe, ra\u00e7a, religi\u00f3, pol\u00edtica, etc.<\/li>\n<li>Sensibilitzar als ve\u00efns\/usuaris sobre la situaci\u00f3 de necessitat i possibilitat de cooperaci\u00f3 amb tots els pa\u00efsos i, en especial, els del Tercer M\u00f3n.<\/li>\n<li>Defensa dels interessos dels consumidors i\u00a0 usuaris.<\/li>\n<\/ul>\n<p class=\"rtejustify\">Totes aquestes fites es podran assolir gr\u00e0cies a l&#8217;esfor\u00e7 de les persones pertanyents a les diferents comissions d&#8217;ORVEPARD (a les quals cal afegir els representants d&#8217;altres grups com el de dones, el de jubilats, el de joves i l&#8217;esplai), gent compromesa que dedica part del seu temps lliure al barri i participa activament en la consecuci\u00f3 d&#8217;un entorn millor.<\/p>\n<p class=\"rtecenter\"><img data-recalc-dims=\"1\" decoding=\"async\" style=\"height: 188px; width: 250px;\" src=\"https:\/\/i0.wp.com\/www.orvepard.org\/veins\/sites\/default\/files\/DSC054362009.JPG?w=640\" alt=\"\" \/><\/p>\n<p class=\"rtejustify\">Per\u00f2 encara hi ha problemes a resoldre i objectius a assolir. Per aix\u00f2 i perqu\u00e8 l&#8217;associacionisme permet unir esfor\u00e7os per arribar a qualsevol meta, necessitem la teua col\u00b7laboraci\u00f3. Si tens noves idees o decideixes participar activament en l&#8217;associaci\u00f3 de ve\u00efns formant part d&#8217;algun dels col\u00b7lectius que la integre, o vols col\u00b7laborar-hi econ\u00f2micament, fest-te SOCI D&#8217;ORVEPARD. La quota es simb\u00f2lica, per\u00f2 la teua aportaci\u00f3 \u00e9s necess\u00e0ria per continuar somiant amb el barri que tots volem.<\/p>\n<p class=\"rtejustify\">Si vols con\u00e8ixer millor el projecte d&#8217;ORVEPARD, vine alguna tarda al local social on te&#8217;n donarem m\u00e9s informaci\u00f3.<\/p>\n<p class=\"rtejustify\">Adre\u00e7a: C. Sant Pere Claver, 5 &#8211; 25005<br \/>\nTel\u00e8fon: 973 230206<br \/>\nHorari habitual de funcionament: De dl. a dv. de 9 a 22.30 h. i ds. i dg.<br \/>\nde 9 a 21 h.<br \/>\nAny d\u2019inauguraci\u00f3 inicial: 1983 i ampliaci\u00f3 el 1998<br \/>\nSuperf\u00edcie total de l\u2019equipament: 1.960,57 m2<br \/>\nL\u00ednies d\u2019autob\u00fas: L3<\/p>\n<p class=\"rtejustify\">\u00a0 Relaci\u00f3 d\u2019espais i sales<\/p>\n<ul>\n<li>Despatxos<\/li>\n<li>Dispensari<\/li>\n<li>Sala de lectura<\/li>\n<li>Sala d\u2019actes<\/li>\n<li>Sala de reunions<\/li>\n<li>Tallers (7)<\/li>\n<li>Laboratori fotogr\u00e0fic<\/li>\n<li>Llar de jubilats<\/li>\n<li>Cafeteria<\/li>\n<\/ul>\n<p class=\"rtejustify\">\u00a0 Descripci\u00f3 d\u2019espais polivalents<br \/>\nEspai\u00a0\u00a0\u00a0\u00a0\u00a0\u00a0\u00a0\u00a0\u00a0\u00a0\u00a0\u00a0\u00a0\u00a0\u00a0\u00a0\u00a0\u00a0 Equipament espec\u00edfic<br \/>\nTaller 1\u00a0\u00a0\u00a0\u00a0\u00a0\u00a0\u00a0\u00a0\u00a0\u00a0\u00a0\u00a0\u00a0\u00a0 47 m2<br \/>\nTaller 2\u00a0\u00a0\u00a0\u00a0\u00a0\u00a0\u00a0\u00a0\u00a0\u00a0\u00a0\u00a0\u00a0\u00a0 20 m2<br \/>\nTaller 3\u00a0\u00a0\u00a0\u00a0\u00a0\u00a0\u00a0\u00a0\u00a0\u00a0\u00a0\u00a0\u00a0\u00a0 53 m2<br \/>\nTaller 4\u00a0\u00a0\u00a0\u00a0\u00a0\u00a0\u00a0\u00a0\u00a0\u00a0\u00a0\u00a0\u00a0\u00a0 75 m2<br \/>\nTaller 5\u00a0\u00a0\u00a0\u00a0\u00a0\u00a0\u00a0\u00a0\u00a0\u00a0\u00a0\u00a0\u00a0\u00a0 61 m2<br \/>\nTaller 6\u00a0\u00a0\u00a0\u00a0\u00a0\u00a0\u00a0\u00a0\u00a0\u00a0\u00a0\u00a0\u00a0\u00a0 24 m2<br \/>\nTaller 7\u00a0\u00a0\u00a0\u00a0\u00a0\u00a0\u00a0\u00a0\u00a0\u00a0\u00a0\u00a0\u00a0\u00a0 80 m2<br \/>\nSala d\u2019actes\u00a0\u00a0\u00a0\u00a0\u00a0 248 m2\u00a0 150 persones<br \/>\nLaboratori fotogr\u00e0fic\u00a0\u00a0 18 m2<\/p>\n","protected":false},"excerpt":{"rendered":"<p>Consulta els estatuts d&#8217;Orvepard. Marc legal que regula el funcionament de l&#8217;Associaci\u00f3: \u00a0LLEI 4\/2008, de 24 d&#8217;abril, del llibre tercer del Codi civil de Catalunya, relatiu a les persones jur\u00eddiques. Llei org\u00e0nica 1\/2002, de 22 de mar\u00e7, reguladora del dret d&#8217;associaci\u00f3 &nbsp; Els fins de l&#8217;associaci\u00f3 s\u00f3n: Fomentar i potenciar la participaci\u00f3 i integraci\u00f3 dels [&hellip;]<\/p>\n","protected":false},"author":1,"featured_media":0,"parent":0,"menu_order":0,"comment_status":"closed","ping_status":"closed","template":"","meta":{"jetpack_post_was_ever_published":false,"footnotes":""},"class_list":["post-218","page","type-page","status-publish","hentry"],"yoast_head":"<!-- This site is optimized with the Yoast SEO plugin v27.5 - https:\/\/yoast.com\/product\/yoast-seo-wordpress\/ -->\n<title>Orvepard - Orvepard<\/title>\n<meta name=\"robots\" content=\"index, follow, max-snippet:-1, max-image-preview:large, max-video-preview:-1\" \/>\n<link rel=\"canonical\" href=\"https:\/\/orvepard.org\/veinspardinyes\/orvepard\/\" \/>\n<meta property=\"og:locale\" content=\"ca_ES\" \/>\n<meta property=\"og:type\" content=\"article\" \/>\n<meta property=\"og:title\" content=\"Orvepard - Orvepard\" \/>\n<meta property=\"og:description\" content=\"Consulta els estatuts d&#8217;Orvepard. Marc legal que regula el funcionament de l&#8217;Associaci\u00f3: \u00a0LLEI 4\/2008, de 24 d&#8217;abril, del llibre tercer del Codi civil de Catalunya, relatiu a les persones jur\u00eddiques. Llei org\u00e0nica 1\/2002, de 22 de mar\u00e7, reguladora del dret d&#8217;associaci\u00f3 &nbsp; Els fins de l&#8217;associaci\u00f3 s\u00f3n: Fomentar i potenciar la participaci\u00f3 i integraci\u00f3 dels [&hellip;]\" \/>\n<meta property=\"og:url\" content=\"https:\/\/orvepard.org\/veinspardinyes\/orvepard\/\" \/>\n<meta property=\"og:site_name\" content=\"Orvepard\" \/>\n<meta property=\"article:publisher\" content=\"https:\/\/es-es.facebook.com\/groups\/orvepard\/\" \/>\n<meta property=\"article:modified_time\" content=\"2018-11-13T07:05:22+00:00\" \/>\n<meta property=\"og:image\" content=\"http:\/\/www.orvepard.org\/veins\/sites\/default\/files\/DSC054362009.JPG\" \/>\n<meta name=\"twitter:card\" content=\"summary_large_image\" \/>\n<meta name=\"twitter:site\" content=\"@veinspardinyes\" \/>\n<meta name=\"twitter:label1\" content=\"Temps estimat de lectura\" \/>\n\t<meta name=\"twitter:data1\" content=\"2 minuts\" \/>\n<script type=\"application\/ld+json\" class=\"yoast-schema-graph\">{\"@context\":\"https:\\\/\\\/schema.org\",\"@graph\":[{\"@type\":\"WebPage\",\"@id\":\"https:\\\/\\\/orvepard.org\\\/veinspardinyes\\\/orvepard\\\/\",\"url\":\"https:\\\/\\\/orvepard.org\\\/veinspardinyes\\\/orvepard\\\/\",\"name\":\"Orvepard - Orvepard\",\"isPartOf\":{\"@id\":\"https:\\\/\\\/orvepard.org\\\/veinspardinyes\\\/#website\"},\"primaryImageOfPage\":{\"@id\":\"https:\\\/\\\/orvepard.org\\\/veinspardinyes\\\/orvepard\\\/#primaryimage\"},\"image\":{\"@id\":\"https:\\\/\\\/orvepard.org\\\/veinspardinyes\\\/orvepard\\\/#primaryimage\"},\"thumbnailUrl\":\"http:\\\/\\\/www.orvepard.org\\\/veins\\\/sites\\\/default\\\/files\\\/DSC054362009.JPG\",\"datePublished\":\"2017-12-24T16:52:28+00:00\",\"dateModified\":\"2018-11-13T07:05:22+00:00\",\"breadcrumb\":{\"@id\":\"https:\\\/\\\/orvepard.org\\\/veinspardinyes\\\/orvepard\\\/#breadcrumb\"},\"inLanguage\":\"ca\",\"potentialAction\":[{\"@type\":\"ReadAction\",\"target\":[\"https:\\\/\\\/orvepard.org\\\/veinspardinyes\\\/orvepard\\\/\"]}]},{\"@type\":\"ImageObject\",\"inLanguage\":\"ca\",\"@id\":\"https:\\\/\\\/orvepard.org\\\/veinspardinyes\\\/orvepard\\\/#primaryimage\",\"url\":\"http:\\\/\\\/www.orvepard.org\\\/veins\\\/sites\\\/default\\\/files\\\/DSC054362009.JPG\",\"contentUrl\":\"http:\\\/\\\/www.orvepard.org\\\/veins\\\/sites\\\/default\\\/files\\\/DSC054362009.JPG\"},{\"@type\":\"BreadcrumbList\",\"@id\":\"https:\\\/\\\/orvepard.org\\\/veinspardinyes\\\/orvepard\\\/#breadcrumb\",\"itemListElement\":[{\"@type\":\"ListItem\",\"position\":1,\"name\":\"Inici\",\"item\":\"https:\\\/\\\/orvepard.org\\\/veinspardinyes\\\/\"},{\"@type\":\"ListItem\",\"position\":2,\"name\":\"Orvepard\"}]},{\"@type\":\"WebSite\",\"@id\":\"https:\\\/\\\/orvepard.org\\\/veinspardinyes\\\/#website\",\"url\":\"https:\\\/\\\/orvepard.org\\\/veinspardinyes\\\/\",\"name\":\"Orvepard\",\"description\":\"Organitzaci\u00f3 de Ve\u00efns de Pardinyes\",\"publisher\":{\"@id\":\"https:\\\/\\\/orvepard.org\\\/veinspardinyes\\\/#organization\"},\"potentialAction\":[{\"@type\":\"SearchAction\",\"target\":{\"@type\":\"EntryPoint\",\"urlTemplate\":\"https:\\\/\\\/orvepard.org\\\/veinspardinyes\\\/?s={search_term_string}\"},\"query-input\":{\"@type\":\"PropertyValueSpecification\",\"valueRequired\":true,\"valueName\":\"search_term_string\"}}],\"inLanguage\":\"ca\"},{\"@type\":\"Organization\",\"@id\":\"https:\\\/\\\/orvepard.org\\\/veinspardinyes\\\/#organization\",\"name\":\"Orvepard, Organitzaci\u00f3 de Ve\u00efns de Pardinyes\",\"url\":\"https:\\\/\\\/orvepard.org\\\/veinspardinyes\\\/\",\"logo\":{\"@type\":\"ImageObject\",\"inLanguage\":\"ca\",\"@id\":\"https:\\\/\\\/orvepard.org\\\/veinspardinyes\\\/#\\\/schema\\\/logo\\\/image\\\/\",\"url\":\"https:\\\/\\\/i0.wp.com\\\/orvepard.org\\\/veinspardinyes\\\/wp-content\\\/uploads\\\/2017\\\/12\\\/cropped-cropped-cropped-logweborvepardnadal-e1513180524112.png?fit=150%2C113&ssl=1\",\"contentUrl\":\"https:\\\/\\\/i0.wp.com\\\/orvepard.org\\\/veinspardinyes\\\/wp-content\\\/uploads\\\/2017\\\/12\\\/cropped-cropped-cropped-logweborvepardnadal-e1513180524112.png?fit=150%2C113&ssl=1\",\"width\":150,\"height\":113,\"caption\":\"Orvepard, Organitzaci\u00f3 de Ve\u00efns de Pardinyes\"},\"image\":{\"@id\":\"https:\\\/\\\/orvepard.org\\\/veinspardinyes\\\/#\\\/schema\\\/logo\\\/image\\\/\"},\"sameAs\":[\"https:\\\/\\\/es-es.facebook.com\\\/groups\\\/orvepard\\\/\",\"https:\\\/\\\/x.com\\\/veinspardinyes\",\"https:\\\/\\\/www.instagram.com\\\/veinspardinyes\\\/\",\"https:\\\/\\\/app.ebando.es\\\/channel\\\/pardinyes\"]}]}<\/script>\n<!-- \/ Yoast SEO plugin. -->","yoast_head_json":{"title":"Orvepard - Orvepard","robots":{"index":"index","follow":"follow","max-snippet":"max-snippet:-1","max-image-preview":"max-image-preview:large","max-video-preview":"max-video-preview:-1"},"canonical":"https:\/\/orvepard.org\/veinspardinyes\/orvepard\/","og_locale":"ca_ES","og_type":"article","og_title":"Orvepard - Orvepard","og_description":"Consulta els estatuts d&#8217;Orvepard. Marc legal que regula el funcionament de l&#8217;Associaci\u00f3: \u00a0LLEI 4\/2008, de 24 d&#8217;abril, del llibre tercer del Codi civil de Catalunya, relatiu a les persones jur\u00eddiques. Llei org\u00e0nica 1\/2002, de 22 de mar\u00e7, reguladora del dret d&#8217;associaci\u00f3 &nbsp; Els fins de l&#8217;associaci\u00f3 s\u00f3n: Fomentar i potenciar la participaci\u00f3 i integraci\u00f3 dels [&hellip;]","og_url":"https:\/\/orvepard.org\/veinspardinyes\/orvepard\/","og_site_name":"Orvepard","article_publisher":"https:\/\/es-es.facebook.com\/groups\/orvepard\/","article_modified_time":"2018-11-13T07:05:22+00:00","og_image":[{"url":"http:\/\/www.orvepard.org\/veins\/sites\/default\/files\/DSC054362009.JPG","type":"","width":"","height":""}],"twitter_card":"summary_large_image","twitter_site":"@veinspardinyes","twitter_misc":{"Temps estimat de lectura":"2 minuts"},"schema":{"@context":"https:\/\/schema.org","@graph":[{"@type":"WebPage","@id":"https:\/\/orvepard.org\/veinspardinyes\/orvepard\/","url":"https:\/\/orvepard.org\/veinspardinyes\/orvepard\/","name":"Orvepard - Orvepard","isPartOf":{"@id":"https:\/\/orvepard.org\/veinspardinyes\/#website"},"primaryImageOfPage":{"@id":"https:\/\/orvepard.org\/veinspardinyes\/orvepard\/#primaryimage"},"image":{"@id":"https:\/\/orvepard.org\/veinspardinyes\/orvepard\/#primaryimage"},"thumbnailUrl":"http:\/\/www.orvepard.org\/veins\/sites\/default\/files\/DSC054362009.JPG","datePublished":"2017-12-24T16:52:28+00:00","dateModified":"2018-11-13T07:05:22+00:00","breadcrumb":{"@id":"https:\/\/orvepard.org\/veinspardinyes\/orvepard\/#breadcrumb"},"inLanguage":"ca","potentialAction":[{"@type":"ReadAction","target":["https:\/\/orvepard.org\/veinspardinyes\/orvepard\/"]}]},{"@type":"ImageObject","inLanguage":"ca","@id":"https:\/\/orvepard.org\/veinspardinyes\/orvepard\/#primaryimage","url":"http:\/\/www.orvepard.org\/veins\/sites\/default\/files\/DSC054362009.JPG","contentUrl":"http:\/\/www.orvepard.org\/veins\/sites\/default\/files\/DSC054362009.JPG"},{"@type":"BreadcrumbList","@id":"https:\/\/orvepard.org\/veinspardinyes\/orvepard\/#breadcrumb","itemListElement":[{"@type":"ListItem","position":1,"name":"Inici","item":"https:\/\/orvepard.org\/veinspardinyes\/"},{"@type":"ListItem","position":2,"name":"Orvepard"}]},{"@type":"WebSite","@id":"https:\/\/orvepard.org\/veinspardinyes\/#website","url":"https:\/\/orvepard.org\/veinspardinyes\/","name":"Orvepard","description":"Organitzaci\u00f3 de Ve\u00efns de Pardinyes","publisher":{"@id":"https:\/\/orvepard.org\/veinspardinyes\/#organization"},"potentialAction":[{"@type":"SearchAction","target":{"@type":"EntryPoint","urlTemplate":"https:\/\/orvepard.org\/veinspardinyes\/?s={search_term_string}"},"query-input":{"@type":"PropertyValueSpecification","valueRequired":true,"valueName":"search_term_string"}}],"inLanguage":"ca"},{"@type":"Organization","@id":"https:\/\/orvepard.org\/veinspardinyes\/#organization","name":"Orvepard, Organitzaci\u00f3 de Ve\u00efns de Pardinyes","url":"https:\/\/orvepard.org\/veinspardinyes\/","logo":{"@type":"ImageObject","inLanguage":"ca","@id":"https:\/\/orvepard.org\/veinspardinyes\/#\/schema\/logo\/image\/","url":"https:\/\/i0.wp.com\/orvepard.org\/veinspardinyes\/wp-content\/uploads\/2017\/12\/cropped-cropped-cropped-logweborvepardnadal-e1513180524112.png?fit=150%2C113&ssl=1","contentUrl":"https:\/\/i0.wp.com\/orvepard.org\/veinspardinyes\/wp-content\/uploads\/2017\/12\/cropped-cropped-cropped-logweborvepardnadal-e1513180524112.png?fit=150%2C113&ssl=1","width":150,"height":113,"caption":"Orvepard, Organitzaci\u00f3 de Ve\u00efns de Pardinyes"},"image":{"@id":"https:\/\/orvepard.org\/veinspardinyes\/#\/schema\/logo\/image\/"},"sameAs":["https:\/\/es-es.facebook.com\/groups\/orvepard\/","https:\/\/x.com\/veinspardinyes","https:\/\/www.instagram.com\/veinspardinyes\/","https:\/\/app.ebando.es\/channel\/pardinyes"]}]}},"jetpack_sharing_enabled":true,"jetpack_shortlink":"https:\/\/wp.me\/P9tnJI-3w","jetpack_likes_enabled":true,"rttpg_featured_image_url":null,"rttpg_author":{"display_name":"administrador","author_link":"https:\/\/orvepard.org\/veinspardinyes\/author\/administrador\/"},"rttpg_comment":0,"rttpg_category":null,"rttpg_excerpt":"Consulta els estatuts d&#8217;Orvepard. Marc legal que regula el funcionament de l&#8217;Associaci\u00f3: \u00a0LLEI 4\/2008, de 24 d&#8217;abril, del llibre tercer del Codi civil de Catalunya, relatiu a les persones jur\u00eddiques. Llei org\u00e0nica 1\/2002, de 22 de mar\u00e7, reguladora del dret d&#8217;associaci\u00f3 &nbsp; Els fins de l&#8217;associaci\u00f3 s\u00f3n: Fomentar i potenciar la participaci\u00f3 i integraci\u00f3 dels&hellip;","_links":{"self":[{"href":"https:\/\/orvepard.org\/veinspardinyes\/wp-json\/wp\/v2\/pages\/218","targetHints":{"allow":["GET"]}}],"collection":[{"href":"https:\/\/orvepard.org\/veinspardinyes\/wp-json\/wp\/v2\/pages"}],"about":[{"href":"https:\/\/orvepard.org\/veinspardinyes\/wp-json\/wp\/v2\/types\/page"}],"author":[{"embeddable":true,"href":"https:\/\/orvepard.org\/veinspardinyes\/wp-json\/wp\/v2\/users\/1"}],"replies":[{"embeddable":true,"href":"https:\/\/orvepard.org\/veinspardinyes\/wp-json\/wp\/v2\/comments?post=218"}],"version-history":[{"count":7,"href":"https:\/\/orvepard.org\/veinspardinyes\/wp-json\/wp\/v2\/pages\/218\/revisions"}],"predecessor-version":[{"id":731,"href":"https:\/\/orvepard.org\/veinspardinyes\/wp-json\/wp\/v2\/pages\/218\/revisions\/731"}],"wp:attachment":[{"href":"https:\/\/orvepard.org\/veinspardinyes\/wp-json\/wp\/v2\/media?parent=218"}],"curies":[{"name":"wp","href":"https:\/\/api.w.org\/{rel}","templated":true}]}}