{"id":2020,"date":"2021-09-27T09:20:59","date_gmt":"2021-09-27T07:20:59","guid":{"rendered":"https:\/\/orvepard.org\/veinspardinyes\/?page_id=2020"},"modified":"2021-09-27T09:21:02","modified_gmt":"2021-09-27T07:21:02","slug":"el-cami-del-riu","status":"publish","type":"page","link":"https:\/\/orvepard.org\/veinspardinyes\/el-cami-del-riu\/","title":{"rendered":"El Cam\u00ed del Riu"},"content":{"rendered":"\n<p>El nou tram nord del Cam\u00ed del Riu Segre, enlla\u00e7a el Parc de la Mitjana amb l\u2019A-2, a l\u2019altura del Mol\u00ed de Picabaix i el meandre del Segre, recuperant el tra\u00e7at d\u2019un antic cam\u00ed del riu fins a Corbins. El cam\u00ed transcorre entre el bosc de ribera i l\u2019Horta de Lleida, posant a l\u2019abast de la ciutadania un tram de riu inaccessible fins ara.<\/p>\n<p>El Cam\u00ed del Riu, ofereix 15 km d\u2019itinerari des del Mol\u00ed de Picabaix i el meandre del Segre (a l\u2019encreuament amb l\u2019autovia A-2), al nord del Parc de la Mitjana i continua travessant la ciutat per la canalitzaci\u00f3, i aig\u00fces avall, fins als Aiguamolls de Rufea i l\u2019ermita de Buts\u00e8nit. Un itinerari que permet fer accessibles els espais d\u2019inter\u00e8s natural i cultural vinculats al riu, i fomentar el contacte amb la Natura, aix\u00ed com generar un espai d\u2019oci, on fer esport, i gaudir del riu, de forma respectuosa i sostenible.<\/p>\n<p><a href=\"https:\/\/i0.wp.com\/orvepard.org\/veinspardinyes\/wp-content\/uploads\/2021\/09\/mapacaminord.png?ssl=1\"><img data-recalc-dims=\"1\" loading=\"lazy\" decoding=\"async\" data-attachment-id=\"2021\" data-permalink=\"https:\/\/orvepard.org\/veinspardinyes\/el-cami-del-riu\/mapacaminord\/\" data-orig-file=\"https:\/\/i0.wp.com\/orvepard.org\/veinspardinyes\/wp-content\/uploads\/2021\/09\/mapacaminord.png?fit=2680%2C1715&amp;ssl=1\" data-orig-size=\"2680,1715\" data-comments-opened=\"1\" data-image-meta=\"{&quot;aperture&quot;:&quot;0&quot;,&quot;credit&quot;:&quot;&quot;,&quot;camera&quot;:&quot;&quot;,&quot;caption&quot;:&quot;&quot;,&quot;created_timestamp&quot;:&quot;0&quot;,&quot;copyright&quot;:&quot;&quot;,&quot;focal_length&quot;:&quot;0&quot;,&quot;iso&quot;:&quot;0&quot;,&quot;shutter_speed&quot;:&quot;0&quot;,&quot;title&quot;:&quot;&quot;,&quot;orientation&quot;:&quot;0&quot;}\" data-image-title=\"mapacaminord\" data-image-description=\"\" data-image-caption=\"\" data-large-file=\"https:\/\/i0.wp.com\/orvepard.org\/veinspardinyes\/wp-content\/uploads\/2021\/09\/mapacaminord.png?fit=640%2C409&amp;ssl=1\" class=\"alignnone wp-image-2021 size-large\" src=\"https:\/\/i0.wp.com\/orvepard.org\/veinspardinyes\/wp-content\/uploads\/2021\/09\/mapacaminord.png?resize=640%2C409&#038;ssl=1\" alt=\"\" width=\"640\" height=\"409\" srcset=\"https:\/\/i0.wp.com\/orvepard.org\/veinspardinyes\/wp-content\/uploads\/2021\/09\/mapacaminord.png?resize=1024%2C655&amp;ssl=1 1024w, https:\/\/i0.wp.com\/orvepard.org\/veinspardinyes\/wp-content\/uploads\/2021\/09\/mapacaminord.png?resize=300%2C192&amp;ssl=1 300w, https:\/\/i0.wp.com\/orvepard.org\/veinspardinyes\/wp-content\/uploads\/2021\/09\/mapacaminord.png?resize=768%2C491&amp;ssl=1 768w, https:\/\/i0.wp.com\/orvepard.org\/veinspardinyes\/wp-content\/uploads\/2021\/09\/mapacaminord.png?resize=1536%2C983&amp;ssl=1 1536w, https:\/\/i0.wp.com\/orvepard.org\/veinspardinyes\/wp-content\/uploads\/2021\/09\/mapacaminord.png?resize=2048%2C1311&amp;ssl=1 2048w, https:\/\/i0.wp.com\/orvepard.org\/veinspardinyes\/wp-content\/uploads\/2021\/09\/mapacaminord.png?w=1280&amp;ssl=1 1280w, https:\/\/i0.wp.com\/orvepard.org\/veinspardinyes\/wp-content\/uploads\/2021\/09\/mapacaminord.png?w=1920&amp;ssl=1 1920w\" sizes=\"auto, (max-width: 640px) 100vw, 640px\" \/><\/a><\/p>\n<p>M\u00e9s informaci\u00f3 a https:\/\/urbanisme.paeria.cat\/sostenibilitat\/espais-naturals<\/p>\n<p>\u00a0<\/p>\n","protected":false},"excerpt":{"rendered":"<p>El nou tram nord del Cam\u00ed del Riu Segre, enlla\u00e7a el Parc de la Mitjana amb l\u2019A-2, a l\u2019altura del Mol\u00ed de Picabaix i el meandre del Segre, recuperant el tra\u00e7at d\u2019un antic cam\u00ed del riu fins a Corbins. El cam\u00ed transcorre entre el bosc de ribera i l\u2019Horta de Lleida, posant a l\u2019abast de [&hellip;]<\/p>\n","protected":false},"author":1,"featured_media":0,"parent":0,"menu_order":0,"comment_status":"closed","ping_status":"closed","template":"","meta":{"jetpack_post_was_ever_published":false,"footnotes":""},"class_list":["post-2020","page","type-page","status-publish","hentry"],"yoast_head":"<!-- This site is optimized with the Yoast SEO plugin v27.3 - https:\/\/yoast.com\/product\/yoast-seo-wordpress\/ -->\n<title>El Cam\u00ed del Riu - Orvepard<\/title>\n<meta name=\"robots\" content=\"index, follow, max-snippet:-1, max-image-preview:large, max-video-preview:-1\" \/>\n<link rel=\"canonical\" href=\"https:\/\/orvepard.org\/veinspardinyes\/el-cami-del-riu\/\" \/>\n<meta property=\"og:locale\" content=\"ca_ES\" \/>\n<meta property=\"og:type\" content=\"article\" \/>\n<meta property=\"og:title\" content=\"El Cam\u00ed del Riu - Orvepard\" \/>\n<meta property=\"og:description\" content=\"El nou tram nord del Cam\u00ed del Riu Segre, enlla\u00e7a el Parc de la Mitjana amb l\u2019A-2, a l\u2019altura del Mol\u00ed de Picabaix i el meandre del Segre, recuperant el tra\u00e7at d\u2019un antic cam\u00ed del riu fins a Corbins. El cam\u00ed transcorre entre el bosc de ribera i l\u2019Horta de Lleida, posant a l\u2019abast de [&hellip;]\" \/>\n<meta property=\"og:url\" content=\"https:\/\/orvepard.org\/veinspardinyes\/el-cami-del-riu\/\" \/>\n<meta property=\"og:site_name\" content=\"Orvepard\" \/>\n<meta property=\"article:publisher\" content=\"https:\/\/es-es.facebook.com\/groups\/orvepard\/\" \/>\n<meta property=\"article:modified_time\" content=\"2021-09-27T07:21:02+00:00\" \/>\n<meta property=\"og:image\" content=\"https:\/\/orvepard.org\/veinspardinyes\/wp-content\/uploads\/2021\/09\/mapacaminord-1024x655.png\" \/>\n<meta name=\"twitter:card\" content=\"summary_large_image\" \/>\n<meta name=\"twitter:site\" content=\"@veinspardinyes\" \/>\n<meta name=\"twitter:label1\" content=\"Temps estimat de lectura\" \/>\n\t<meta name=\"twitter:data1\" content=\"1 minut\" \/>\n<script type=\"application\/ld+json\" class=\"yoast-schema-graph\">{\"@context\":\"https:\\\/\\\/schema.org\",\"@graph\":[{\"@type\":\"WebPage\",\"@id\":\"https:\\\/\\\/orvepard.org\\\/veinspardinyes\\\/el-cami-del-riu\\\/\",\"url\":\"https:\\\/\\\/orvepard.org\\\/veinspardinyes\\\/el-cami-del-riu\\\/\",\"name\":\"El Cam\u00ed del Riu - Orvepard\",\"isPartOf\":{\"@id\":\"https:\\\/\\\/orvepard.org\\\/veinspardinyes\\\/#website\"},\"primaryImageOfPage\":{\"@id\":\"https:\\\/\\\/orvepard.org\\\/veinspardinyes\\\/el-cami-del-riu\\\/#primaryimage\"},\"image\":{\"@id\":\"https:\\\/\\\/orvepard.org\\\/veinspardinyes\\\/el-cami-del-riu\\\/#primaryimage\"},\"thumbnailUrl\":\"https:\\\/\\\/orvepard.org\\\/veinspardinyes\\\/wp-content\\\/uploads\\\/2021\\\/09\\\/mapacaminord-1024x655.png\",\"datePublished\":\"2021-09-27T07:20:59+00:00\",\"dateModified\":\"2021-09-27T07:21:02+00:00\",\"breadcrumb\":{\"@id\":\"https:\\\/\\\/orvepard.org\\\/veinspardinyes\\\/el-cami-del-riu\\\/#breadcrumb\"},\"inLanguage\":\"ca\",\"potentialAction\":[{\"@type\":\"ReadAction\",\"target\":[\"https:\\\/\\\/orvepard.org\\\/veinspardinyes\\\/el-cami-del-riu\\\/\"]}]},{\"@type\":\"ImageObject\",\"inLanguage\":\"ca\",\"@id\":\"https:\\\/\\\/orvepard.org\\\/veinspardinyes\\\/el-cami-del-riu\\\/#primaryimage\",\"url\":\"https:\\\/\\\/i0.wp.com\\\/orvepard.org\\\/veinspardinyes\\\/wp-content\\\/uploads\\\/2021\\\/09\\\/mapacaminord.png?fit=2680%2C1715&ssl=1\",\"contentUrl\":\"https:\\\/\\\/i0.wp.com\\\/orvepard.org\\\/veinspardinyes\\\/wp-content\\\/uploads\\\/2021\\\/09\\\/mapacaminord.png?fit=2680%2C1715&ssl=1\",\"width\":2680,\"height\":1715},{\"@type\":\"BreadcrumbList\",\"@id\":\"https:\\\/\\\/orvepard.org\\\/veinspardinyes\\\/el-cami-del-riu\\\/#breadcrumb\",\"itemListElement\":[{\"@type\":\"ListItem\",\"position\":1,\"name\":\"Inici\",\"item\":\"https:\\\/\\\/orvepard.org\\\/veinspardinyes\\\/\"},{\"@type\":\"ListItem\",\"position\":2,\"name\":\"El Cam\u00ed del Riu\"}]},{\"@type\":\"WebSite\",\"@id\":\"https:\\\/\\\/orvepard.org\\\/veinspardinyes\\\/#website\",\"url\":\"https:\\\/\\\/orvepard.org\\\/veinspardinyes\\\/\",\"name\":\"Orvepard\",\"description\":\"Organitzaci\u00f3 de Ve\u00efns de Pardinyes\",\"publisher\":{\"@id\":\"https:\\\/\\\/orvepard.org\\\/veinspardinyes\\\/#organization\"},\"potentialAction\":[{\"@type\":\"SearchAction\",\"target\":{\"@type\":\"EntryPoint\",\"urlTemplate\":\"https:\\\/\\\/orvepard.org\\\/veinspardinyes\\\/?s={search_term_string}\"},\"query-input\":{\"@type\":\"PropertyValueSpecification\",\"valueRequired\":true,\"valueName\":\"search_term_string\"}}],\"inLanguage\":\"ca\"},{\"@type\":\"Organization\",\"@id\":\"https:\\\/\\\/orvepard.org\\\/veinspardinyes\\\/#organization\",\"name\":\"Orvepard, Organitzaci\u00f3 de Ve\u00efns de Pardinyes\",\"url\":\"https:\\\/\\\/orvepard.org\\\/veinspardinyes\\\/\",\"logo\":{\"@type\":\"ImageObject\",\"inLanguage\":\"ca\",\"@id\":\"https:\\\/\\\/orvepard.org\\\/veinspardinyes\\\/#\\\/schema\\\/logo\\\/image\\\/\",\"url\":\"https:\\\/\\\/i0.wp.com\\\/orvepard.org\\\/veinspardinyes\\\/wp-content\\\/uploads\\\/2017\\\/12\\\/cropped-cropped-cropped-logweborvepardnadal-e1513180524112.png?fit=150%2C113&ssl=1\",\"contentUrl\":\"https:\\\/\\\/i0.wp.com\\\/orvepard.org\\\/veinspardinyes\\\/wp-content\\\/uploads\\\/2017\\\/12\\\/cropped-cropped-cropped-logweborvepardnadal-e1513180524112.png?fit=150%2C113&ssl=1\",\"width\":150,\"height\":113,\"caption\":\"Orvepard, Organitzaci\u00f3 de Ve\u00efns de Pardinyes\"},\"image\":{\"@id\":\"https:\\\/\\\/orvepard.org\\\/veinspardinyes\\\/#\\\/schema\\\/logo\\\/image\\\/\"},\"sameAs\":[\"https:\\\/\\\/es-es.facebook.com\\\/groups\\\/orvepard\\\/\",\"https:\\\/\\\/x.com\\\/veinspardinyes\",\"https:\\\/\\\/www.instagram.com\\\/veinspardinyes\\\/\",\"https:\\\/\\\/app.ebando.es\\\/channel\\\/pardinyes\"]}]}<\/script>\n<!-- \/ Yoast SEO plugin. -->","yoast_head_json":{"title":"El Cam\u00ed del Riu - Orvepard","robots":{"index":"index","follow":"follow","max-snippet":"max-snippet:-1","max-image-preview":"max-image-preview:large","max-video-preview":"max-video-preview:-1"},"canonical":"https:\/\/orvepard.org\/veinspardinyes\/el-cami-del-riu\/","og_locale":"ca_ES","og_type":"article","og_title":"El Cam\u00ed del Riu - Orvepard","og_description":"El nou tram nord del Cam\u00ed del Riu Segre, enlla\u00e7a el Parc de la Mitjana amb l\u2019A-2, a l\u2019altura del Mol\u00ed de Picabaix i el meandre del Segre, recuperant el tra\u00e7at d\u2019un antic cam\u00ed del riu fins a Corbins. El cam\u00ed transcorre entre el bosc de ribera i l\u2019Horta de Lleida, posant a l\u2019abast de [&hellip;]","og_url":"https:\/\/orvepard.org\/veinspardinyes\/el-cami-del-riu\/","og_site_name":"Orvepard","article_publisher":"https:\/\/es-es.facebook.com\/groups\/orvepard\/","article_modified_time":"2021-09-27T07:21:02+00:00","og_image":[{"url":"https:\/\/orvepard.org\/veinspardinyes\/wp-content\/uploads\/2021\/09\/mapacaminord-1024x655.png","type":"","width":"","height":""}],"twitter_card":"summary_large_image","twitter_site":"@veinspardinyes","twitter_misc":{"Temps estimat de lectura":"1 minut"},"schema":{"@context":"https:\/\/schema.org","@graph":[{"@type":"WebPage","@id":"https:\/\/orvepard.org\/veinspardinyes\/el-cami-del-riu\/","url":"https:\/\/orvepard.org\/veinspardinyes\/el-cami-del-riu\/","name":"El Cam\u00ed del Riu - Orvepard","isPartOf":{"@id":"https:\/\/orvepard.org\/veinspardinyes\/#website"},"primaryImageOfPage":{"@id":"https:\/\/orvepard.org\/veinspardinyes\/el-cami-del-riu\/#primaryimage"},"image":{"@id":"https:\/\/orvepard.org\/veinspardinyes\/el-cami-del-riu\/#primaryimage"},"thumbnailUrl":"https:\/\/orvepard.org\/veinspardinyes\/wp-content\/uploads\/2021\/09\/mapacaminord-1024x655.png","datePublished":"2021-09-27T07:20:59+00:00","dateModified":"2021-09-27T07:21:02+00:00","breadcrumb":{"@id":"https:\/\/orvepard.org\/veinspardinyes\/el-cami-del-riu\/#breadcrumb"},"inLanguage":"ca","potentialAction":[{"@type":"ReadAction","target":["https:\/\/orvepard.org\/veinspardinyes\/el-cami-del-riu\/"]}]},{"@type":"ImageObject","inLanguage":"ca","@id":"https:\/\/orvepard.org\/veinspardinyes\/el-cami-del-riu\/#primaryimage","url":"https:\/\/i0.wp.com\/orvepard.org\/veinspardinyes\/wp-content\/uploads\/2021\/09\/mapacaminord.png?fit=2680%2C1715&ssl=1","contentUrl":"https:\/\/i0.wp.com\/orvepard.org\/veinspardinyes\/wp-content\/uploads\/2021\/09\/mapacaminord.png?fit=2680%2C1715&ssl=1","width":2680,"height":1715},{"@type":"BreadcrumbList","@id":"https:\/\/orvepard.org\/veinspardinyes\/el-cami-del-riu\/#breadcrumb","itemListElement":[{"@type":"ListItem","position":1,"name":"Inici","item":"https:\/\/orvepard.org\/veinspardinyes\/"},{"@type":"ListItem","position":2,"name":"El Cam\u00ed del Riu"}]},{"@type":"WebSite","@id":"https:\/\/orvepard.org\/veinspardinyes\/#website","url":"https:\/\/orvepard.org\/veinspardinyes\/","name":"Orvepard","description":"Organitzaci\u00f3 de Ve\u00efns de Pardinyes","publisher":{"@id":"https:\/\/orvepard.org\/veinspardinyes\/#organization"},"potentialAction":[{"@type":"SearchAction","target":{"@type":"EntryPoint","urlTemplate":"https:\/\/orvepard.org\/veinspardinyes\/?s={search_term_string}"},"query-input":{"@type":"PropertyValueSpecification","valueRequired":true,"valueName":"search_term_string"}}],"inLanguage":"ca"},{"@type":"Organization","@id":"https:\/\/orvepard.org\/veinspardinyes\/#organization","name":"Orvepard, Organitzaci\u00f3 de Ve\u00efns de Pardinyes","url":"https:\/\/orvepard.org\/veinspardinyes\/","logo":{"@type":"ImageObject","inLanguage":"ca","@id":"https:\/\/orvepard.org\/veinspardinyes\/#\/schema\/logo\/image\/","url":"https:\/\/i0.wp.com\/orvepard.org\/veinspardinyes\/wp-content\/uploads\/2017\/12\/cropped-cropped-cropped-logweborvepardnadal-e1513180524112.png?fit=150%2C113&ssl=1","contentUrl":"https:\/\/i0.wp.com\/orvepard.org\/veinspardinyes\/wp-content\/uploads\/2017\/12\/cropped-cropped-cropped-logweborvepardnadal-e1513180524112.png?fit=150%2C113&ssl=1","width":150,"height":113,"caption":"Orvepard, Organitzaci\u00f3 de Ve\u00efns de Pardinyes"},"image":{"@id":"https:\/\/orvepard.org\/veinspardinyes\/#\/schema\/logo\/image\/"},"sameAs":["https:\/\/es-es.facebook.com\/groups\/orvepard\/","https:\/\/x.com\/veinspardinyes","https:\/\/www.instagram.com\/veinspardinyes\/","https:\/\/app.ebando.es\/channel\/pardinyes"]}]}},"jetpack_sharing_enabled":true,"jetpack_shortlink":"https:\/\/wp.me\/P9tnJI-wA","jetpack_likes_enabled":true,"rttpg_featured_image_url":null,"rttpg_author":{"display_name":"administrador","author_link":"https:\/\/orvepard.org\/veinspardinyes\/author\/administrador\/"},"rttpg_comment":0,"rttpg_category":null,"rttpg_excerpt":"El nou tram nord del Cam\u00ed del Riu Segre, enlla\u00e7a el Parc de la Mitjana amb l\u2019A-2, a l\u2019altura del Mol\u00ed de Picabaix i el meandre del Segre, recuperant el tra\u00e7at d\u2019un antic cam\u00ed del riu fins a Corbins. El cam\u00ed transcorre entre el bosc de ribera i l\u2019Horta de Lleida, posant a l\u2019abast de&hellip;","_links":{"self":[{"href":"https:\/\/orvepard.org\/veinspardinyes\/wp-json\/wp\/v2\/pages\/2020","targetHints":{"allow":["GET"]}}],"collection":[{"href":"https:\/\/orvepard.org\/veinspardinyes\/wp-json\/wp\/v2\/pages"}],"about":[{"href":"https:\/\/orvepard.org\/veinspardinyes\/wp-json\/wp\/v2\/types\/page"}],"author":[{"embeddable":true,"href":"https:\/\/orvepard.org\/veinspardinyes\/wp-json\/wp\/v2\/users\/1"}],"replies":[{"embeddable":true,"href":"https:\/\/orvepard.org\/veinspardinyes\/wp-json\/wp\/v2\/comments?post=2020"}],"version-history":[{"count":1,"href":"https:\/\/orvepard.org\/veinspardinyes\/wp-json\/wp\/v2\/pages\/2020\/revisions"}],"predecessor-version":[{"id":2022,"href":"https:\/\/orvepard.org\/veinspardinyes\/wp-json\/wp\/v2\/pages\/2020\/revisions\/2022"}],"wp:attachment":[{"href":"https:\/\/orvepard.org\/veinspardinyes\/wp-json\/wp\/v2\/media?parent=2020"}],"curies":[{"name":"wp","href":"https:\/\/api.w.org\/{rel}","templated":true}]}}